{"id":1184,"date":"2019-04-27T02:14:47","date_gmt":"2019-04-27T01:14:47","guid":{"rendered":"https:\/\/aptaworld-ng.clickify.dev\/?page_id=1184"},"modified":"2020-09-24T02:13:46","modified_gmt":"2020-09-24T01:13:46","slug":"preparer-bebe","status":"publish","type":"page","link":"https:\/\/www.aptafrica.com\/fr\/pregnancy\/preparing-for-baby\/","title":{"rendered":"Pr\u00e9parer b\u00e9b\u00e9"},"content":{"rendered":"<div data-elementor-type=\"wp-post\" data-elementor-id=\"1184\" class=\"elementor elementor-1184\" data-elementor-post-type=\"page\">\n\t\t\t\t\t\t<section class=\"has_eae_slider elementor-section elementor-top-section elementor-element elementor-element-108efbc6 elementor-section-content-middle elementor-section-stretched elementor-section-full_width elementor-section-height-min-height elementor-section-height-default elementor-section-items-middle\" data-eae-slider=\"56306\" data-particle_enable=\"false\" data-particle-mobile-disabled=\"false\" data-id=\"108efbc6\" data-element_type=\"section\" data-e-type=\"section\" data-settings=\"{&quot;background_background&quot;:&quot;classic&quot;,&quot;stretch_section&quot;:&quot;section-stretched&quot;}\">\n\t\t\t\t\t\t\t<div class=\"elementor-background-overlay\"><\/div>\n\t\t\t\t\t\t\t<div class=\"elementor-container elementor-column-gap-no\">\n\t\t\t\t\t<div class=\"has_eae_slider elementor-column elementor-col-100 elementor-top-column elementor-element elementor-element-55dd15f2\" data-eae-slider=\"32853\" data-id=\"55dd15f2\" data-element_type=\"column\" data-e-type=\"column\" data-settings=\"{&quot;background_background&quot;:&quot;classic&quot;}\">\n\t\t\t<div class=\"elementor-widget-wrap elementor-element-populated\">\n\t\t\t\t\t\t\t<\/div>\n\t\t<\/div>\n\t\t\t\t\t<\/div>\n\t\t<\/section>\n\t\t\t\t<section class=\"has_eae_slider elementor-section elementor-top-section elementor-element elementor-element-3ac4f3d3 elementor-section-stretched elementor-section-boxed elementor-section-height-default elementor-section-height-default\" data-eae-slider=\"84487\" data-particle_enable=\"false\" data-particle-mobile-disabled=\"false\" data-id=\"3ac4f3d3\" data-element_type=\"section\" data-e-type=\"section\" data-settings=\"{&quot;stretch_section&quot;:&quot;section-stretched&quot;}\">\n\t\t\t\t\t\t<div class=\"elementor-container elementor-column-gap-default\">\n\t\t\t\t\t<div class=\"has_eae_slider elementor-column elementor-col-50 elementor-top-column elementor-element elementor-element-1f4f8c58\" data-eae-slider=\"21756\" data-id=\"1f4f8c58\" data-element_type=\"column\" data-e-type=\"column\">\n\t\t\t<div class=\"elementor-widget-wrap elementor-element-populated\">\n\t\t\t\t\t\t<section class=\"has_eae_slider elementor-section elementor-inner-section elementor-element elementor-element-5ae6a6fa elementor-section-full_width elementor-section-height-default elementor-section-height-default\" data-eae-slider=\"37774\" data-particle_enable=\"false\" data-particle-mobile-disabled=\"false\" data-id=\"5ae6a6fa\" data-element_type=\"section\" data-e-type=\"section\">\n\t\t\t\t\t\t<div class=\"elementor-container elementor-column-gap-default\">\n\t\t\t\t\t<div class=\"has_eae_slider elementor-column elementor-col-100 elementor-inner-column elementor-element elementor-element-78b44ded\" data-eae-slider=\"45867\" data-id=\"78b44ded\" data-element_type=\"column\" data-e-type=\"column\">\n\t\t\t<div class=\"elementor-widget-wrap elementor-element-populated\">\n\t\t\t\t\t\t<div class=\"elementor-element elementor-element-4d134902 elementor-widget elementor-widget-image\" data-id=\"4d134902\" data-element_type=\"widget\" data-e-type=\"widget\" data-widget_type=\"image.default\">\n\t\t\t\t<div class=\"elementor-widget-container\">\n\t\t\t\t\t\t\t\t\t\t\t\t\t\t\t\t<a href=\"https:\/\/www.aptafrica.com\/fr\/preparer-bebe\/le-projet-de-naissance\/\">\n\t\t\t\t\t\t\t<img decoding=\"async\" src=\"https:\/\/www.aptafrica.com\/wp-content\/uploads\/elementor\/thumbs\/Pregnancy-Project-birth-ovtnpufilyitm72suq75n86fdjgmzy5s06fqdjkmg0.jpg\" title=\"Pregnancy-Project-birth\" alt=\"An album with baby socks, a pen, pregnancy test and scan\" loading=\"lazy\" \/>\t\t\t\t\t\t\t\t<\/a>\n\t\t\t\t\t\t\t\t\t\t\t\t\t\t\t<\/div>\n\t\t\t\t<\/div>\n\t\t\t\t\t<\/div>\n\t\t<\/div>\n\t\t\t\t\t<\/div>\n\t\t<\/section>\n\t\t\t\t<div class=\"elementor-element elementor-element-7cc899e6 elementor-widget elementor-widget-heading\" data-id=\"7cc899e6\" data-element_type=\"widget\" data-e-type=\"widget\" data-widget_type=\"heading.default\">\n\t\t\t\t<div class=\"elementor-widget-container\">\n\t\t\t\t\t<h2 class=\"elementor-heading-title elementor-size-default\"><a href=\"https:\/\/www.aptafrica.com\/fr\/preparer-bebe\/le-projet-de-naissance\/\">Le projet de naissance<\/a><\/h2>\t\t\t\t<\/div>\n\t\t\t\t<\/div>\n\t\t\t\t<div class=\"elementor-element elementor-element-78ea360d elementor-widget elementor-widget-text-editor\" data-id=\"78ea360d\" data-element_type=\"widget\" data-e-type=\"widget\" data-widget_type=\"text-editor.default\">\n\t\t\t\t<div class=\"elementor-widget-container\">\n\t\t\t\t\t\t\t\t\t<p>Donner naissance \u00e0 son premier enfant est une exp\u00e9rience unique. Vous tiendrez donc \u00e0 vous assurer que vous avez pens\u00e9 \u00e0 tout.<\/p>\t\t\t\t\t\t\t\t<\/div>\n\t\t\t\t<\/div>\n\t\t\t\t<div class=\"elementor-element elementor-element-4d915820 elementor-widget elementor-widget-button\" data-id=\"4d915820\" data-element_type=\"widget\" data-e-type=\"widget\" data-widget_type=\"button.default\">\n\t\t\t\t<div class=\"elementor-widget-container\">\n\t\t\t\t\t\t\t\t\t<div class=\"elementor-button-wrapper\">\n\t\t\t\t\t<a class=\"elementor-button elementor-button-link elementor-size-sm\" href=\"https:\/\/www.aptafrica.com\/fr\/grossesse\/birth\/le-stress-de-l-accouchement\/https%3a\/\/www.aptafrica.com\/preparer-bebe\/le-projet-de-naissance\/\">\n\t\t\t\t\t\t<span class=\"elementor-button-content-wrapper\">\n\t\t\t\t\t\t<span class=\"elementor-button-icon\">\n\t\t\t\t<i aria-hidden=\"true\" class=\"fas fa-chevron-down\"><\/i>\t\t\t<\/span>\n\t\t\t\t\t\t\t\t\t<span class=\"elementor-button-text\">En savoir plus<\/span>\n\t\t\t\t\t<\/span>\n\t\t\t\t\t<\/a>\n\t\t\t\t<\/div>\n\t\t\t\t\t\t\t\t<\/div>\n\t\t\t\t<\/div>\n\t\t\t\t\t<\/div>\n\t\t<\/div>\n\t\t\t\t<div class=\"has_eae_slider elementor-column elementor-col-50 elementor-top-column elementor-element elementor-element-75a6a602\" data-eae-slider=\"14352\" data-id=\"75a6a602\" data-element_type=\"column\" data-e-type=\"column\">\n\t\t\t<div class=\"elementor-widget-wrap\">\n\t\t\t\t\t\t\t<\/div>\n\t\t<\/div>\n\t\t\t\t\t<\/div>\n\t\t<\/section>\n\t\t\t\t<\/div>","protected":false},"excerpt":{"rendered":"<p>Birth Plan Giving birth to your first baby is a once in a lifetime experience, so you\u2019ll want to ensure you\u2019ve considered everything. Read More<\/p>","protected":false},"author":1,"featured_media":0,"parent":187,"menu_order":0,"comment_status":"closed","ping_status":"closed","template":"","meta":{"footnotes":""},"class_list":["post-1184","page","type-page","status-publish"],"yoast_head":"<!-- This site is optimized with the Yoast SEO plugin v27.4 - https:\/\/yoast.com\/product\/yoast-seo-wordpress\/ -->\n<title>Preparing for Baby - Apta Africa<\/title>\n<meta name=\"description\" content=\"Learn about preparing for baby. Giving birth to your first child is a once in a lifetime experience, you\u2019ll want to ensure you\u2019ve considered everything.\" \/>\n<meta name=\"robots\" content=\"index, follow, max-snippet:-1, max-image-preview:large, max-video-preview:-1\" \/>\n<link rel=\"canonical\" href=\"https:\/\/www.aptafrica.com\/fr\/grossesse\/preparer-bebe\/\" \/>\n<meta property=\"og:locale\" content=\"fr_FR\" \/>\n<meta property=\"og:type\" content=\"article\" \/>\n<meta property=\"og:title\" content=\"Preparing for Baby - Apta Africa\" \/>\n<meta property=\"og:description\" content=\"Learn about preparing for baby. Giving birth to your first child is a once in a lifetime experience, you\u2019ll want to ensure you\u2019ve considered everything.\" \/>\n<meta property=\"og:url\" content=\"https:\/\/www.aptafrica.com\/fr\/grossesse\/preparer-bebe\/\" \/>\n<meta property=\"og:site_name\" content=\"Apta Africa\" \/>\n<meta property=\"article:modified_time\" content=\"2020-09-24T01:13:46+00:00\" \/>\n<meta property=\"og:image\" content=\"https:\/\/www.aptafrica.com\/wp-content\/uploads\/elementor\/thumbs\/Pregnancy-Project-birth-ovtnpufilyitm72suq75n86fdjgmzy5s06fqdjkmg0.jpg\" \/>\n<meta name=\"twitter:card\" content=\"summary_large_image\" \/>\n<script type=\"application\/ld+json\" class=\"yoast-schema-graph\">{\"@context\":\"https:\\\/\\\/schema.org\",\"@graph\":[{\"@type\":\"WebPage\",\"@id\":\"https:\\\/\\\/www.aptafrica.com\\\/en\\\/pregnancy\\\/preparing-for-baby\\\/\",\"url\":\"https:\\\/\\\/www.aptafrica.com\\\/en\\\/pregnancy\\\/preparing-for-baby\\\/\",\"name\":\"Preparing for Baby - Apta Africa\",\"isPartOf\":{\"@id\":\"https:\\\/\\\/www.aptafrica.com\\\/en\\\/#website\"},\"primaryImageOfPage\":{\"@id\":\"https:\\\/\\\/www.aptafrica.com\\\/en\\\/pregnancy\\\/preparing-for-baby\\\/#primaryimage\"},\"image\":{\"@id\":\"https:\\\/\\\/www.aptafrica.com\\\/en\\\/pregnancy\\\/preparing-for-baby\\\/#primaryimage\"},\"thumbnailUrl\":\"https:\\\/\\\/www.aptafrica.com\\\/wp-content\\\/uploads\\\/elementor\\\/thumbs\\\/Pregnancy-Project-birth-ovtnpufilyitm72suq75n86fdjgmzy5s06fqdjkmg0.jpg\",\"datePublished\":\"2019-04-27T01:14:47+00:00\",\"dateModified\":\"2020-09-24T01:13:46+00:00\",\"description\":\"Learn about preparing for baby. Giving birth to your first child is a once in a lifetime experience, you\u2019ll want to ensure you\u2019ve considered everything.\",\"breadcrumb\":{\"@id\":\"https:\\\/\\\/www.aptafrica.com\\\/en\\\/pregnancy\\\/preparing-for-baby\\\/#breadcrumb\"},\"inLanguage\":\"fr-FR\",\"potentialAction\":[{\"@type\":\"ReadAction\",\"target\":[\"https:\\\/\\\/www.aptafrica.com\\\/en\\\/pregnancy\\\/preparing-for-baby\\\/\"]}]},{\"@type\":\"ImageObject\",\"inLanguage\":\"fr-FR\",\"@id\":\"https:\\\/\\\/www.aptafrica.com\\\/en\\\/pregnancy\\\/preparing-for-baby\\\/#primaryimage\",\"url\":\"https:\\\/\\\/www.aptafrica.com\\\/wp-content\\\/uploads\\\/elementor\\\/thumbs\\\/Pregnancy-Project-birth-ovtnpufilyitm72suq75n86fdjgmzy5s06fqdjkmg0.jpg\",\"contentUrl\":\"https:\\\/\\\/www.aptafrica.com\\\/wp-content\\\/uploads\\\/elementor\\\/thumbs\\\/Pregnancy-Project-birth-ovtnpufilyitm72suq75n86fdjgmzy5s06fqdjkmg0.jpg\"},{\"@type\":\"BreadcrumbList\",\"@id\":\"https:\\\/\\\/www.aptafrica.com\\\/en\\\/pregnancy\\\/preparing-for-baby\\\/#breadcrumb\",\"itemListElement\":[{\"@type\":\"ListItem\",\"position\":1,\"name\":\"Home\",\"item\":\"https:\\\/\\\/www.aptafrica.com\\\/\"},{\"@type\":\"ListItem\",\"position\":2,\"name\":\"Pregnancy\",\"item\":\"https:\\\/\\\/www.aptafrica.com\\\/en\\\/pregnancy\\\/\"},{\"@type\":\"ListItem\",\"position\":3,\"name\":\"Preparing for Baby\"}]},{\"@type\":\"WebSite\",\"@id\":\"https:\\\/\\\/www.aptafrica.com\\\/en\\\/#website\",\"url\":\"https:\\\/\\\/www.aptafrica.com\\\/en\\\/\",\"name\":\"Apta Africa\",\"description\":\"Apta Africa\",\"publisher\":{\"@id\":\"https:\\\/\\\/www.aptafrica.com\\\/en\\\/#organization\"},\"potentialAction\":[{\"@type\":\"SearchAction\",\"target\":{\"@type\":\"EntryPoint\",\"urlTemplate\":\"https:\\\/\\\/www.aptafrica.com\\\/en\\\/?s={search_term_string}\"},\"query-input\":{\"@type\":\"PropertyValueSpecification\",\"valueRequired\":true,\"valueName\":\"search_term_string\"}}],\"inLanguage\":\"fr-FR\"},{\"@type\":\"Organization\",\"@id\":\"https:\\\/\\\/www.aptafrica.com\\\/en\\\/#organization\",\"name\":\"Apta Africa\",\"url\":\"https:\\\/\\\/www.aptafrica.com\\\/en\\\/\",\"logo\":{\"@type\":\"ImageObject\",\"inLanguage\":\"fr-FR\",\"@id\":\"https:\\\/\\\/www.aptafrica.com\\\/en\\\/#\\\/schema\\\/logo\\\/image\\\/\",\"url\":\"https:\\\/\\\/www.aptafrica.com\\\/wp-content\\\/uploads\\\/2020\\\/04\\\/Aptafrica-Logo-FINAL.png\",\"contentUrl\":\"https:\\\/\\\/www.aptafrica.com\\\/wp-content\\\/uploads\\\/2020\\\/04\\\/Aptafrica-Logo-FINAL.png\",\"width\":881,\"height\":172,\"caption\":\"Apta Africa\"},\"image\":{\"@id\":\"https:\\\/\\\/www.aptafrica.com\\\/en\\\/#\\\/schema\\\/logo\\\/image\\\/\"}}]}<\/script>\n<!-- \/ Yoast SEO plugin. -->","yoast_head_json":{"title":"Pr\u00e9parer b\u00e9b\u00e9 - Apta Africa","description":"Learn about preparing for baby. Giving birth to your first child is a once in a lifetime experience, you\u2019ll want to ensure you\u2019ve considered everything.","robots":{"index":"index","follow":"follow","max-snippet":"max-snippet:-1","max-image-preview":"max-image-preview:large","max-video-preview":"max-video-preview:-1"},"canonical":"https:\/\/www.aptafrica.com\/fr\/grossesse\/preparer-bebe\/","og_locale":"fr_FR","og_type":"article","og_title":"Preparing for Baby - Apta Africa","og_description":"Learn about preparing for baby. Giving birth to your first child is a once in a lifetime experience, you\u2019ll want to ensure you\u2019ve considered everything.","og_url":"https:\/\/www.aptafrica.com\/fr\/grossesse\/preparer-bebe\/","og_site_name":"Apta Africa","article_modified_time":"2020-09-24T01:13:46+00:00","og_image":[{"url":"https:\/\/www.aptafrica.com\/wp-content\/uploads\/elementor\/thumbs\/Pregnancy-Project-birth-ovtnpufilyitm72suq75n86fdjgmzy5s06fqdjkmg0.jpg","type":"","width":"","height":""}],"twitter_card":"summary_large_image","schema":{"@context":"https:\/\/schema.org","@graph":[{"@type":"WebPage","@id":"https:\/\/www.aptafrica.com\/en\/pregnancy\/preparing-for-baby\/","url":"https:\/\/www.aptafrica.com\/en\/pregnancy\/preparing-for-baby\/","name":"Pr\u00e9parer b\u00e9b\u00e9 - Apta Africa","isPartOf":{"@id":"https:\/\/www.aptafrica.com\/en\/#website"},"primaryImageOfPage":{"@id":"https:\/\/www.aptafrica.com\/en\/pregnancy\/preparing-for-baby\/#primaryimage"},"image":{"@id":"https:\/\/www.aptafrica.com\/en\/pregnancy\/preparing-for-baby\/#primaryimage"},"thumbnailUrl":"https:\/\/www.aptafrica.com\/wp-content\/uploads\/elementor\/thumbs\/Pregnancy-Project-birth-ovtnpufilyitm72suq75n86fdjgmzy5s06fqdjkmg0.jpg","datePublished":"2019-04-27T01:14:47+00:00","dateModified":"2020-09-24T01:13:46+00:00","description":"Learn about preparing for baby. Giving birth to your first child is a once in a lifetime experience, you\u2019ll want to ensure you\u2019ve considered everything.","breadcrumb":{"@id":"https:\/\/www.aptafrica.com\/en\/pregnancy\/preparing-for-baby\/#breadcrumb"},"inLanguage":"fr-FR","potentialAction":[{"@type":"ReadAction","target":["https:\/\/www.aptafrica.com\/en\/pregnancy\/preparing-for-baby\/"]}]},{"@type":"ImageObject","inLanguage":"fr-FR","@id":"https:\/\/www.aptafrica.com\/en\/pregnancy\/preparing-for-baby\/#primaryimage","url":"https:\/\/www.aptafrica.com\/wp-content\/uploads\/elementor\/thumbs\/Pregnancy-Project-birth-ovtnpufilyitm72suq75n86fdjgmzy5s06fqdjkmg0.jpg","contentUrl":"https:\/\/www.aptafrica.com\/wp-content\/uploads\/elementor\/thumbs\/Pregnancy-Project-birth-ovtnpufilyitm72suq75n86fdjgmzy5s06fqdjkmg0.jpg"},{"@type":"BreadcrumbList","@id":"https:\/\/www.aptafrica.com\/en\/pregnancy\/preparing-for-baby\/#breadcrumb","itemListElement":[{"@type":"ListItem","position":1,"name":"Home","item":"https:\/\/www.aptafrica.com\/"},{"@type":"ListItem","position":2,"name":"Pregnancy","item":"https:\/\/www.aptafrica.com\/en\/pregnancy\/"},{"@type":"ListItem","position":3,"name":"Preparing for Baby"}]},{"@type":"WebSite","@id":"https:\/\/www.aptafrica.com\/en\/#website","url":"https:\/\/www.aptafrica.com\/en\/","name":"Apta Africa","description":"Apta Africa","publisher":{"@id":"https:\/\/www.aptafrica.com\/en\/#organization"},"potentialAction":[{"@type":"SearchAction","target":{"@type":"EntryPoint","urlTemplate":"https:\/\/www.aptafrica.com\/en\/?s={search_term_string}"},"query-input":{"@type":"PropertyValueSpecification","valueRequired":true,"valueName":"search_term_string"}}],"inLanguage":"fr-FR"},{"@type":"Organization","@id":"https:\/\/www.aptafrica.com\/en\/#organization","name":"Apta Africa","url":"https:\/\/www.aptafrica.com\/en\/","logo":{"@type":"ImageObject","inLanguage":"fr-FR","@id":"https:\/\/www.aptafrica.com\/en\/#\/schema\/logo\/image\/","url":"https:\/\/www.aptafrica.com\/wp-content\/uploads\/2020\/04\/Aptafrica-Logo-FINAL.png","contentUrl":"https:\/\/www.aptafrica.com\/wp-content\/uploads\/2020\/04\/Aptafrica-Logo-FINAL.png","width":881,"height":172,"caption":"Apta Africa"},"image":{"@id":"https:\/\/www.aptafrica.com\/en\/#\/schema\/logo\/image\/"}}]}},"_links":{"self":[{"href":"https:\/\/www.aptafrica.com\/fr\/wp-json\/wp\/v2\/pages\/1184","targetHints":{"allow":["GET"]}}],"collection":[{"href":"https:\/\/www.aptafrica.com\/fr\/wp-json\/wp\/v2\/pages"}],"about":[{"href":"https:\/\/www.aptafrica.com\/fr\/wp-json\/wp\/v2\/types\/page"}],"author":[{"embeddable":true,"href":"https:\/\/www.aptafrica.com\/fr\/wp-json\/wp\/v2\/users\/1"}],"replies":[{"embeddable":true,"href":"https:\/\/www.aptafrica.com\/fr\/wp-json\/wp\/v2\/comments?post=1184"}],"version-history":[{"count":0,"href":"https:\/\/www.aptafrica.com\/fr\/wp-json\/wp\/v2\/pages\/1184\/revisions"}],"up":[{"embeddable":true,"href":"https:\/\/www.aptafrica.com\/fr\/wp-json\/wp\/v2\/pages\/187"}],"wp:attachment":[{"href":"https:\/\/www.aptafrica.com\/fr\/wp-json\/wp\/v2\/media?parent=1184"}],"curies":[{"name":"wp","href":"https:\/\/api.w.org\/{rel}","templated":true}]}}