{"id":225,"date":"2019-04-01T14:42:13","date_gmt":"2019-04-01T13:42:13","guid":{"rendered":"http:\/\/aptaworld-ng.clickify.io\/?page_id=225"},"modified":"2020-09-01T08:44:01","modified_gmt":"2020-09-01T07:44:01","slug":"developpement-emotionnel-de-votre-bebe","status":"publish","type":"page","link":"https:\/\/www.aptafrica.com\/fr\/baby\/emotionally-strong-baby\/","title":{"rendered":"Favoriser le d\u00e9veloppement \u00e9motionnel de votre b\u00e9b\u00e9"},"content":{"rendered":"<div data-elementor-type=\"wp-post\" data-elementor-id=\"225\" class=\"elementor elementor-225\" data-elementor-post-type=\"page\">\n\t\t\t\t\t\t<section class=\"has_eae_slider elementor-section elementor-top-section elementor-element elementor-element-d1b9c96 elementor-section-full_width elementor-section-height-default elementor-section-height-default\" data-eae-slider=\"60009\" data-particle_enable=\"false\" data-particle-mobile-disabled=\"false\" data-id=\"d1b9c96\" data-element_type=\"section\" data-e-type=\"section\" data-settings=\"{&quot;background_background&quot;:&quot;classic&quot;}\">\n\t\t\t\t\t\t<div class=\"elementor-container elementor-column-gap-default\">\n\t\t\t\t\t<div class=\"has_eae_slider elementor-column elementor-col-100 elementor-top-column elementor-element elementor-element-fc2ffe8\" data-eae-slider=\"45889\" data-id=\"fc2ffe8\" data-element_type=\"column\" data-e-type=\"column\">\n\t\t\t<div class=\"elementor-widget-wrap\">\n\t\t\t\t\t\t\t<\/div>\n\t\t<\/div>\n\t\t\t\t\t<\/div>\n\t\t<\/section>\n\t\t\t\t<section class=\"has_eae_slider elementor-section elementor-top-section elementor-element elementor-element-55c8adc elementor-section-content-middle elementor-section-stretched elementor-section-full_width elementor-section-height-min-height elementor-section-height-default elementor-section-items-middle\" data-eae-slider=\"3160\" data-particle_enable=\"false\" data-particle-mobile-disabled=\"false\" data-id=\"55c8adc\" data-element_type=\"section\" data-e-type=\"section\" data-settings=\"{&quot;background_background&quot;:&quot;classic&quot;,&quot;stretch_section&quot;:&quot;section-stretched&quot;}\">\n\t\t\t\t\t\t\t<div class=\"elementor-background-overlay\"><\/div>\n\t\t\t\t\t\t\t<div class=\"elementor-container elementor-column-gap-no\">\n\t\t\t\t\t<div class=\"has_eae_slider elementor-column elementor-col-100 elementor-top-column elementor-element elementor-element-52124acd\" data-eae-slider=\"13972\" data-id=\"52124acd\" data-element_type=\"column\" data-e-type=\"column\" data-settings=\"{&quot;background_background&quot;:&quot;classic&quot;}\">\n\t\t\t<div class=\"elementor-widget-wrap elementor-element-populated\">\n\t\t\t\t\t\t\t<\/div>\n\t\t<\/div>\n\t\t\t\t\t<\/div>\n\t\t<\/section>\n\t\t\t\t<section class=\"has_eae_slider elementor-section elementor-top-section elementor-element elementor-element-2646f223 elementor-section-stretched elementor-section-boxed elementor-section-height-default elementor-section-height-default\" data-eae-slider=\"57633\" data-particle_enable=\"false\" data-particle-mobile-disabled=\"false\" data-id=\"2646f223\" data-element_type=\"section\" data-e-type=\"section\" data-settings=\"{&quot;stretch_section&quot;:&quot;section-stretched&quot;}\">\n\t\t\t\t\t\t<div class=\"elementor-container elementor-column-gap-default\">\n\t\t\t\t\t<div class=\"has_eae_slider elementor-column elementor-col-100 elementor-top-column elementor-element elementor-element-1bb3cd19\" data-eae-slider=\"38064\" data-id=\"1bb3cd19\" data-element_type=\"column\" data-e-type=\"column\">\n\t\t\t<div class=\"elementor-widget-wrap elementor-element-populated\">\n\t\t\t\t\t\t<div class=\"elementor-element elementor-element-79c1036e elementor-widget elementor-widget-text-editor\" data-id=\"79c1036e\" data-element_type=\"widget\" data-e-type=\"widget\" data-widget_type=\"text-editor.default\">\n\t\t\t\t<div class=\"elementor-widget-container\">\n\t\t\t\t\t\t\t\t\t<p class=\"translation-block\">Entre 6 et 12 mois, il se peut que votre b\u00e9b\u00e9 commence \u00e0 exprimer son inconfort ou \u00e0 manifester des \u00e9motions comme la col\u00e8re ou la peur. Dans ces moments, notamment en cas d\u2019incertitude, il se tournera vers vous pour que vous le rassuriez. C\u2019est pourquoi il est essentiel d\u2019\u00e9tablir un lien fort avec votre b\u00e9b\u00e9 pendant cette p\u00e9riode et d\u2019instaurer un environnement s\u00fbr et positif dans lequel il pourra grandir sainement et sereinement.<\/p><h2>\u00c9tablir des r\u00e8gles de comportement<\/h2><ul><li>Encouragez les bons comportements en applaudissant, en souriant \u00e0 votre enfant et en le complimentant pour ses actions.<\/li><li>D\u00e9couragez les comportements n\u00e9gatifs en utilisant des expressions et un ton ferme. Ignorez votre b\u00e9b\u00e9 quelques instants avant de le rassurer en lui disant que vous l\u2019aimez toujours.<\/li><li>Indiquez \u00e0 votre b\u00e9b\u00e9 ce qu\u2019il doit faire et montrez l\u2019exemple afin qu\u2019il puisse reproduire ce comportement.<\/li><\/ul><h2>Construire un environnement joyeux et bienveillant<\/h2><ul><li>Entretenez des relations bienveillantes entre les membres de la famille pour promouvoir des \u00e9motions positives.<\/li><li>\u00c9vitez les conflits devant votre b\u00e9b\u00e9.<\/li><li>Encouragez les membres de la famille \u00e0 interagir et \u00e0 jouer avec votre b\u00e9b\u00e9 pour l\u2019aider \u00e0 se cr\u00e9er de bons souvenirs et \u00e0 d\u00e9velopper sa confiance en lui.<\/li><li>G\u00e9rez les \u00e9motions n\u00e9gatives et calmez-vous avant de vous occuper de votre b\u00e9b\u00e9.<\/li><\/ul><p>Rappelez-vous qu\u2019\u00e0 mesure que votre enfant va grandir et se d\u00e9velopper, il deviendra \u00e9galement plus sensible \u00e0 son entourage.  Il est alors essentiel de l\u2019aider \u00e0 se sentir aim\u00e9 et en s\u00e9curit\u00e9, en maintenant  un environnement familial positif afin qu\u2019il puisse se construire et devenir  une personne bien \u00e9quilibr\u00e9e.<\/p>\t\t\t\t\t\t\t\t<\/div>\n\t\t\t\t<\/div>\n\t\t\t\t\t<\/div>\n\t\t<\/div>\n\t\t\t\t\t<\/div>\n\t\t<\/section>\n\t\t\t\t<\/div>","protected":false},"excerpt":{"rendered":"<p>Between 6 to 12 months your baby may start to express discomfort or display emotions such as anger and fear. During this time, they will look to you for security especially in times of uncertainty. That&#8217;s why it is critical during this period to establish a strong bond with your little one and build a &#8230; <a title=\"Favoriser le d\u00e9veloppement \u00e9motionnel de votre b\u00e9b\u00e9\" class=\"read-more\" href=\"https:\/\/www.aptafrica.com\/fr\/baby\/emotionally-strong-baby\/\" aria-label=\"En savoir plus sur Emotionally Strong Baby\">Read more<\/a><\/p>","protected":false},"author":1,"featured_media":0,"parent":183,"menu_order":0,"comment_status":"closed","ping_status":"closed","template":"","meta":{"footnotes":""},"class_list":["post-225","page","type-page","status-publish"],"yoast_head":"<!-- This site is optimized with the Yoast SEO plugin v27.2 - https:\/\/yoast.com\/product\/yoast-seo-wordpress\/ -->\n<title>Emotionally Strong Baby - Apta Africa<\/title>\n<meta name=\"description\" content=\"Between 6 to 12 months of age, it is critical for you to establish a strong bond with your baby, to build a safe, secure and positive environment.\" \/>\n<meta name=\"robots\" content=\"index, follow, max-snippet:-1, max-image-preview:large, max-video-preview:-1\" \/>\n<link rel=\"canonical\" href=\"https:\/\/www.aptafrica.com\/fr\/nourrisson\/developpement-emotionnel-de-votre-bebe\/\" \/>\n<meta property=\"og:locale\" content=\"fr_FR\" \/>\n<meta property=\"og:type\" content=\"article\" \/>\n<meta property=\"og:title\" content=\"Emotionally Strong Baby - Apta Africa\" \/>\n<meta property=\"og:description\" content=\"Between 6 to 12 months of age, it is critical for you to establish a strong bond with your baby, to build a safe, secure and positive environment.\" \/>\n<meta property=\"og:url\" content=\"https:\/\/www.aptafrica.com\/fr\/nourrisson\/developpement-emotionnel-de-votre-bebe\/\" \/>\n<meta property=\"og:site_name\" content=\"Apta Africa\" \/>\n<meta property=\"article:modified_time\" content=\"2020-09-01T07:44:01+00:00\" \/>\n<meta name=\"twitter:card\" content=\"summary_large_image\" \/>\n<meta name=\"twitter:label1\" content=\"Dur\u00e9e de lecture estim\u00e9e\" \/>\n\t<meta name=\"twitter:data1\" content=\"1 minute\" \/>\n<script type=\"application\/ld+json\" class=\"yoast-schema-graph\">{\"@context\":\"https:\/\/schema.org\",\"@graph\":[{\"@type\":\"WebPage\",\"@id\":\"https:\/\/www.aptafrica.com\/baby\/emotionally-strong-baby\/\",\"url\":\"https:\/\/www.aptafrica.com\/baby\/emotionally-strong-baby\/\",\"name\":\"Emotionally Strong Baby - Apta Africa\",\"isPartOf\":{\"@id\":\"https:\/\/www.aptafrica.com\/en\/#website\"},\"datePublished\":\"2019-04-01T13:42:13+00:00\",\"dateModified\":\"2020-09-01T07:44:01+00:00\",\"description\":\"Between 6 to 12 months of age, it is critical for you to establish a strong bond with your baby, to build a safe, secure and positive environment.\",\"breadcrumb\":{\"@id\":\"https:\/\/www.aptafrica.com\/baby\/emotionally-strong-baby\/#breadcrumb\"},\"inLanguage\":\"fr-FR\",\"potentialAction\":[{\"@type\":\"ReadAction\",\"target\":[\"https:\/\/www.aptafrica.com\/baby\/emotionally-strong-baby\/\"]}]},{\"@type\":\"BreadcrumbList\",\"@id\":\"https:\/\/www.aptafrica.com\/baby\/emotionally-strong-baby\/#breadcrumb\",\"itemListElement\":[{\"@type\":\"ListItem\",\"position\":1,\"name\":\"Home\",\"item\":\"https:\/\/www.aptafrica.com\/\"},{\"@type\":\"ListItem\",\"position\":2,\"name\":\"Baby\",\"item\":\"https:\/\/www.aptafrica.com\/baby\/\"},{\"@type\":\"ListItem\",\"position\":3,\"name\":\"Emotionally Strong Baby\"}]},{\"@type\":\"WebSite\",\"@id\":\"https:\/\/www.aptafrica.com\/en\/#website\",\"url\":\"https:\/\/www.aptafrica.com\/en\/\",\"name\":\"Apta Africa\",\"description\":\"Apta Africa\",\"publisher\":{\"@id\":\"https:\/\/www.aptafrica.com\/en\/#organization\"},\"potentialAction\":[{\"@type\":\"SearchAction\",\"target\":{\"@type\":\"EntryPoint\",\"urlTemplate\":\"https:\/\/www.aptafrica.com\/en\/?s={search_term_string}\"},\"query-input\":{\"@type\":\"PropertyValueSpecification\",\"valueRequired\":true,\"valueName\":\"search_term_string\"}}],\"inLanguage\":\"fr-FR\"},{\"@type\":\"Organization\",\"@id\":\"https:\/\/www.aptafrica.com\/en\/#organization\",\"name\":\"Apta Africa\",\"url\":\"https:\/\/www.aptafrica.com\/en\/\",\"logo\":{\"@type\":\"ImageObject\",\"inLanguage\":\"fr-FR\",\"@id\":\"https:\/\/www.aptafrica.com\/en\/#\/schema\/logo\/image\/\",\"url\":\"https:\/\/www.aptafrica.com\/wp-content\/uploads\/2020\/04\/Aptafrica-Logo-FINAL.png\",\"contentUrl\":\"https:\/\/www.aptafrica.com\/wp-content\/uploads\/2020\/04\/Aptafrica-Logo-FINAL.png\",\"width\":881,\"height\":172,\"caption\":\"Apta Africa\"},\"image\":{\"@id\":\"https:\/\/www.aptafrica.com\/en\/#\/schema\/logo\/image\/\"}}]}<\/script>\n<!-- \/ Yoast SEO plugin. -->","yoast_head_json":{"title":"Favoriser le d\u00e9veloppement \u00e9motionnel de votre b\u00e9b\u00e9 - Apta Africa","description":"Between 6 to 12 months of age, it is critical for you to establish a strong bond with your baby, to build a safe, secure and positive environment.","robots":{"index":"index","follow":"follow","max-snippet":"max-snippet:-1","max-image-preview":"max-image-preview:large","max-video-preview":"max-video-preview:-1"},"canonical":"https:\/\/www.aptafrica.com\/fr\/nourrisson\/developpement-emotionnel-de-votre-bebe\/","og_locale":"fr_FR","og_type":"article","og_title":"Emotionally Strong Baby - Apta Africa","og_description":"Between 6 to 12 months of age, it is critical for you to establish a strong bond with your baby, to build a safe, secure and positive environment.","og_url":"https:\/\/www.aptafrica.com\/fr\/nourrisson\/developpement-emotionnel-de-votre-bebe\/","og_site_name":"Apta Africa","article_modified_time":"2020-09-01T07:44:01+00:00","twitter_card":"summary_large_image","twitter_misc":{"Dur\u00e9e de lecture estim\u00e9e":"1 minute"},"schema":{"@context":"https:\/\/schema.org","@graph":[{"@type":"WebPage","@id":"https:\/\/www.aptafrica.com\/baby\/emotionally-strong-baby\/","url":"https:\/\/www.aptafrica.com\/baby\/emotionally-strong-baby\/","name":"Favoriser le d\u00e9veloppement \u00e9motionnel de votre b\u00e9b\u00e9 - Apta Africa","isPartOf":{"@id":"https:\/\/www.aptafrica.com\/en\/#website"},"datePublished":"2019-04-01T13:42:13+00:00","dateModified":"2020-09-01T07:44:01+00:00","description":"Between 6 to 12 months of age, it is critical for you to establish a strong bond with your baby, to build a safe, secure and positive environment.","breadcrumb":{"@id":"https:\/\/www.aptafrica.com\/baby\/emotionally-strong-baby\/#breadcrumb"},"inLanguage":"fr-FR","potentialAction":[{"@type":"ReadAction","target":["https:\/\/www.aptafrica.com\/baby\/emotionally-strong-baby\/"]}]},{"@type":"BreadcrumbList","@id":"https:\/\/www.aptafrica.com\/baby\/emotionally-strong-baby\/#breadcrumb","itemListElement":[{"@type":"ListItem","position":1,"name":"Home","item":"https:\/\/www.aptafrica.com\/"},{"@type":"ListItem","position":2,"name":"Baby","item":"https:\/\/www.aptafrica.com\/baby\/"},{"@type":"ListItem","position":3,"name":"Emotionally Strong Baby"}]},{"@type":"WebSite","@id":"https:\/\/www.aptafrica.com\/en\/#website","url":"https:\/\/www.aptafrica.com\/en\/","name":"Apta Africa","description":"Apta Africa","publisher":{"@id":"https:\/\/www.aptafrica.com\/en\/#organization"},"potentialAction":[{"@type":"SearchAction","target":{"@type":"EntryPoint","urlTemplate":"https:\/\/www.aptafrica.com\/en\/?s={search_term_string}"},"query-input":{"@type":"PropertyValueSpecification","valueRequired":true,"valueName":"search_term_string"}}],"inLanguage":"fr-FR"},{"@type":"Organization","@id":"https:\/\/www.aptafrica.com\/en\/#organization","name":"Apta Africa","url":"https:\/\/www.aptafrica.com\/en\/","logo":{"@type":"ImageObject","inLanguage":"fr-FR","@id":"https:\/\/www.aptafrica.com\/en\/#\/schema\/logo\/image\/","url":"https:\/\/www.aptafrica.com\/wp-content\/uploads\/2020\/04\/Aptafrica-Logo-FINAL.png","contentUrl":"https:\/\/www.aptafrica.com\/wp-content\/uploads\/2020\/04\/Aptafrica-Logo-FINAL.png","width":881,"height":172,"caption":"Apta Africa"},"image":{"@id":"https:\/\/www.aptafrica.com\/en\/#\/schema\/logo\/image\/"}}]}},"_links":{"self":[{"href":"https:\/\/www.aptafrica.com\/fr\/wp-json\/wp\/v2\/pages\/225","targetHints":{"allow":["GET"]}}],"collection":[{"href":"https:\/\/www.aptafrica.com\/fr\/wp-json\/wp\/v2\/pages"}],"about":[{"href":"https:\/\/www.aptafrica.com\/fr\/wp-json\/wp\/v2\/types\/page"}],"author":[{"embeddable":true,"href":"https:\/\/www.aptafrica.com\/fr\/wp-json\/wp\/v2\/users\/1"}],"replies":[{"embeddable":true,"href":"https:\/\/www.aptafrica.com\/fr\/wp-json\/wp\/v2\/comments?post=225"}],"version-history":[{"count":0,"href":"https:\/\/www.aptafrica.com\/fr\/wp-json\/wp\/v2\/pages\/225\/revisions"}],"up":[{"embeddable":true,"href":"https:\/\/www.aptafrica.com\/fr\/wp-json\/wp\/v2\/pages\/183"}],"wp:attachment":[{"href":"https:\/\/www.aptafrica.com\/fr\/wp-json\/wp\/v2\/media?parent=225"}],"curies":[{"name":"wp","href":"https:\/\/api.w.org\/{rel}","templated":true}]}}