{"id":363,"date":"2019-04-11T17:33:14","date_gmt":"2019-04-11T16:33:14","guid":{"rendered":"http:\/\/aptaworld-ng.clickify.io\/?page_id=363"},"modified":"2020-05-06T03:08:58","modified_gmt":"2020-05-06T02:08:58","slug":"a-propos","status":"publish","type":"page","link":"https:\/\/www.aptafrica.com\/fr\/about-us\/","title":{"rendered":"\u00c0 propos de Danone Nutricia"},"content":{"rendered":"<div data-elementor-type=\"wp-post\" data-elementor-id=\"363\" class=\"elementor elementor-363\" data-elementor-post-type=\"page\">\n\t\t\t\t\t\t<section class=\"has_eae_slider elementor-section elementor-top-section elementor-element elementor-element-410f1d58 elementor-section-content-middle elementor-section-stretched elementor-section-full_width elementor-section-height-min-height elementor-section-height-default elementor-section-items-middle\" data-eae-slider=\"43192\" data-particle_enable=\"false\" data-particle-mobile-disabled=\"false\" data-id=\"410f1d58\" data-element_type=\"section\" data-e-type=\"section\" data-settings=\"{&quot;background_background&quot;:&quot;classic&quot;,&quot;stretch_section&quot;:&quot;section-stretched&quot;}\">\n\t\t\t\t\t\t\t<div class=\"elementor-background-overlay\"><\/div>\n\t\t\t\t\t\t\t<div class=\"elementor-container elementor-column-gap-no\">\n\t\t\t\t\t<div class=\"has_eae_slider elementor-column elementor-col-100 elementor-top-column elementor-element elementor-element-724a4e9c\" data-eae-slider=\"8990\" data-id=\"724a4e9c\" data-element_type=\"column\" data-e-type=\"column\" data-settings=\"{&quot;background_background&quot;:&quot;classic&quot;}\">\n\t\t\t<div class=\"elementor-widget-wrap elementor-element-populated\">\n\t\t\t\t\t\t\t<\/div>\n\t\t<\/div>\n\t\t\t\t\t<\/div>\n\t\t<\/section>\n\t\t\t\t<section class=\"has_eae_slider elementor-section elementor-top-section elementor-element elementor-element-320bebbd elementor-section-stretched elementor-section-boxed elementor-section-height-default elementor-section-height-default\" data-eae-slider=\"54831\" data-particle_enable=\"false\" data-particle-mobile-disabled=\"false\" data-id=\"320bebbd\" data-element_type=\"section\" data-e-type=\"section\" data-settings=\"{&quot;stretch_section&quot;:&quot;section-stretched&quot;}\">\n\t\t\t\t\t\t<div class=\"elementor-container elementor-column-gap-default\">\n\t\t\t\t\t<div class=\"has_eae_slider elementor-column elementor-col-100 elementor-top-column elementor-element elementor-element-7f4ab411\" data-eae-slider=\"45236\" data-id=\"7f4ab411\" data-element_type=\"column\" data-e-type=\"column\">\n\t\t\t<div class=\"elementor-widget-wrap elementor-element-populated\">\n\t\t\t\t\t\t<div class=\"elementor-element elementor-element-64dd804e elementor-widget elementor-widget-text-editor\" data-id=\"64dd804e\" data-element_type=\"widget\" data-e-type=\"widget\" data-widget_type=\"text-editor.default\">\n\t\t\t\t<div class=\"elementor-widget-container\">\n\t\t\t\t\t\t\t\t\t<p>Danone Nutricia nutrition infantile s\u2019appuie sur plus de 100 ans d\u2019exp\u00e9rience aupr\u00e8s des b\u00e9b\u00e9s et s\u2019inspire de 40 ans de recherches scientifiques sur le lait maternel et la nutrition infantile pour aider les parents, les soignants et les professionnels de sant\u00e9.<\/p><p>Chez Danone, nous soutenons la recommandation de sant\u00e9 publique de l\u2019Organisation mondiale de la Sant\u00e9 (OMS) pr\u00e9conisant que le nourrisson soit exclusivement nourri au sein pendant les six premiers mois de sa vie et continue d\u2019\u00eatre allait\u00e9 jusqu\u2019\u00e0 l\u2019\u00e2ge de deux ans et plus, tout en recevant des aliments compl\u00e9mentaires s\u00fbrs et ad\u00e9quats sur le plan nutritionnel.<\/p><p>En tant qu\u2019entreprise, nous sommes en qu\u00eate perp\u00e9tuelle d\u2019am\u00e9lioration, que ce soit au niveau des produits pour les m\u00e8res, les nourrissons et les jeunes enfants, des services destin\u00e9s aux parents et aux professionnels de sant\u00e9, ou de notre contribution dans le domaine de la nutrition infantile. C\u2019est pourquoi nous poursuivons sans cesse nos recherches. Chez Danone Nutricia, nous nous engageons \u00e0 participer activement aux progr\u00e8s et avanc\u00e9es scientifiques en mati\u00e8re de nutrition infantile.<\/p><p>Nos d\u00e9couvertes nous permettent de :<\/p><ul><li>Fournir des informations et des services aux parents et aux professionnels de sant\u00e9 qui les accompagnent.<\/li><li>Cr\u00e9er des produits b\u00e9n\u00e9fiques sur le plan nutritionnel pour influer de mani\u00e8re positive sur la sant\u00e9 \u00e0 court terme et \u00e0 long terme des nourrissons et jeunes enfants non allait\u00e9s.<\/li><li>Contribuer au corpus de recherche qui s\u2019enrichit chaque jour pour am\u00e9liorer la sant\u00e9 des g\u00e9n\u00e9rations \u00e0 venir.<\/li><\/ul><p>Le travail de Danone Nutricia refl\u00e8te la mission globale du Groupe Danone, \u00e0 savoir apporter la sant\u00e9 par l\u2019alimentation au plus grand nombre. Dans notre cas, il s\u2019agit des femmes enceintes, des m\u00e8res, des nourrissons et des jeunes enfants. Accompagner et former les professionnels de sant\u00e9 dans le domaine de la nutrition infantile fait \u00e9galement partie de notre offre.<\/p><p>Chez Danone Nutricia, la qualit\u00e9 et la s\u00e9curit\u00e9 des produits alimentaires constituent notre priorit\u00e9 absolue. Nous suivons des politiques strictes \u00e0 chaque \u00e9tape de la production et nous attendons de nos employ\u00e9s qu\u2019ils nous aident \u00e0 respecter des niveaux de service exceptionnels.<\/p><p>Notre entreprise est d\u00e9di\u00e9e \u00e0 la sant\u00e9. \u00c0 ce titre, nous prenons tr\u00e8s au s\u00e9rieux notre responsabilit\u00e9 sociale. Nous mettons nos convictions en pratique, en adoptant si possible des processus durables sur le plan environnemental et en soutenant en permanence des initiatives locales et \u00e0 plus grande \u00e9chelle autour de la sant\u00e9.<\/p><p class=\"translation-block\">Pour plus d\u2019informations, consultez <a href=\"https:\/\/www.nutricia.com\/\" target=\"_self\">https:\/\/www.nutricia.com\/<\/a><\/p>\t\t\t\t\t\t\t\t<\/div>\n\t\t\t\t<\/div>\n\t\t\t\t\t<\/div>\n\t\t<\/div>\n\t\t\t\t\t<\/div>\n\t\t<\/section>\n\t\t\t\t<\/div>","protected":false},"excerpt":{"rendered":"<p>With over 100 years of caring for babies and inspired by 40 years of research into breast milk and early life nutrition, Danone Nutricia Early Life Nutrition combines science and experience to support parents, careers and healthcare professionals. At Danone, we support the World Health Organization (WHO) global public health recommendation that calls for exclusive &#8230; <a title=\"\u00c0 propos de Danone Nutricia\" class=\"read-more\" href=\"https:\/\/www.aptafrica.com\/fr\/about-us\/\" aria-label=\"En savoir plus sur About Us\">Read more<\/a><\/p>","protected":false},"author":1,"featured_media":0,"parent":0,"menu_order":0,"comment_status":"closed","ping_status":"closed","template":"","meta":{"footnotes":""},"class_list":["post-363","page","type-page","status-publish"],"yoast_head":"<!-- This site is optimized with the Yoast SEO plugin v27.2 - https:\/\/yoast.com\/product\/yoast-seo-wordpress\/ -->\n<title>About Apta Africa, Danone Nutricia Early Life Nutrition - Apta Africa<\/title>\n<meta name=\"description\" content=\"With over 100 years of caring for babies and inspired by 40 years of research into breast milk &amp; early life nutrition, Danone Nutricia Early Life Nutrition\" \/>\n<meta name=\"robots\" content=\"index, follow, max-snippet:-1, max-image-preview:large, max-video-preview:-1\" \/>\n<link rel=\"canonical\" href=\"https:\/\/www.aptafrica.com\/fr\/a-propos\/\" \/>\n<meta property=\"og:locale\" content=\"fr_FR\" \/>\n<meta property=\"og:type\" content=\"article\" \/>\n<meta property=\"og:title\" content=\"About Apta Africa, Danone Nutricia Early Life Nutrition - Apta Africa\" \/>\n<meta property=\"og:description\" content=\"With over 100 years of caring for babies and inspired by 40 years of research into breast milk &amp; early life nutrition, Danone Nutricia Early Life Nutrition\" \/>\n<meta property=\"og:url\" content=\"https:\/\/www.aptafrica.com\/fr\/a-propos\/\" \/>\n<meta property=\"og:site_name\" content=\"Apta Africa\" \/>\n<meta property=\"article:modified_time\" content=\"2020-05-06T02:08:58+00:00\" \/>\n<meta name=\"twitter:card\" content=\"summary_large_image\" \/>\n<meta name=\"twitter:label1\" content=\"Dur\u00e9e de lecture estim\u00e9e\" \/>\n\t<meta name=\"twitter:data1\" content=\"2 minutes\" \/>\n<script type=\"application\/ld+json\" class=\"yoast-schema-graph\">{\"@context\":\"https:\/\/schema.org\",\"@graph\":[{\"@type\":\"WebPage\",\"@id\":\"https:\/\/www.aptafrica.com\/en\/about-us\/\",\"url\":\"https:\/\/www.aptafrica.com\/en\/about-us\/\",\"name\":\"About Apta Africa, Danone Nutricia Early Life Nutrition - Apta Africa\",\"isPartOf\":{\"@id\":\"https:\/\/www.aptafrica.com\/en\/#website\"},\"datePublished\":\"2019-04-11T16:33:14+00:00\",\"dateModified\":\"2020-05-06T02:08:58+00:00\",\"description\":\"With over 100 years of caring for babies and inspired by 40 years of research into breast milk & early life nutrition, Danone Nutricia Early Life Nutrition\",\"breadcrumb\":{\"@id\":\"https:\/\/www.aptafrica.com\/en\/about-us\/#breadcrumb\"},\"inLanguage\":\"fr-FR\",\"potentialAction\":[{\"@type\":\"ReadAction\",\"target\":[\"https:\/\/www.aptafrica.com\/en\/about-us\/\"]}]},{\"@type\":\"BreadcrumbList\",\"@id\":\"https:\/\/www.aptafrica.com\/en\/about-us\/#breadcrumb\",\"itemListElement\":[{\"@type\":\"ListItem\",\"position\":1,\"name\":\"Home\",\"item\":\"https:\/\/www.aptafrica.com\/\"},{\"@type\":\"ListItem\",\"position\":2,\"name\":\"About Us\"}]},{\"@type\":\"WebSite\",\"@id\":\"https:\/\/www.aptafrica.com\/en\/#website\",\"url\":\"https:\/\/www.aptafrica.com\/en\/\",\"name\":\"Apta Africa\",\"description\":\"Apta Africa\",\"publisher\":{\"@id\":\"https:\/\/www.aptafrica.com\/en\/#organization\"},\"potentialAction\":[{\"@type\":\"SearchAction\",\"target\":{\"@type\":\"EntryPoint\",\"urlTemplate\":\"https:\/\/www.aptafrica.com\/en\/?s={search_term_string}\"},\"query-input\":{\"@type\":\"PropertyValueSpecification\",\"valueRequired\":true,\"valueName\":\"search_term_string\"}}],\"inLanguage\":\"fr-FR\"},{\"@type\":\"Organization\",\"@id\":\"https:\/\/www.aptafrica.com\/en\/#organization\",\"name\":\"Apta Africa\",\"url\":\"https:\/\/www.aptafrica.com\/en\/\",\"logo\":{\"@type\":\"ImageObject\",\"inLanguage\":\"fr-FR\",\"@id\":\"https:\/\/www.aptafrica.com\/en\/#\/schema\/logo\/image\/\",\"url\":\"https:\/\/www.aptafrica.com\/wp-content\/uploads\/2020\/04\/Aptafrica-Logo-FINAL.png\",\"contentUrl\":\"https:\/\/www.aptafrica.com\/wp-content\/uploads\/2020\/04\/Aptafrica-Logo-FINAL.png\",\"width\":881,\"height\":172,\"caption\":\"Apta Africa\"},\"image\":{\"@id\":\"https:\/\/www.aptafrica.com\/en\/#\/schema\/logo\/image\/\"}}]}<\/script>\n<!-- \/ Yoast SEO plugin. -->","yoast_head_json":{"title":"\u00c0 propos - Apta Africa","description":"Danone Nutricia Early Life Nutrition combine la science et l'exp\u00e9rience pour soutenir les parents et les professionnels de la sant\u00e9","robots":{"index":"index","follow":"follow","max-snippet":"max-snippet:-1","max-image-preview":"max-image-preview:large","max-video-preview":"max-video-preview:-1"},"canonical":"https:\/\/www.aptafrica.com\/fr\/a-propos\/","og_locale":"fr_FR","og_type":"article","og_title":"About Apta Africa, Danone Nutricia Early Life Nutrition - Apta Africa","og_description":"With over 100 years of caring for babies and inspired by 40 years of research into breast milk & early life nutrition, Danone Nutricia Early Life Nutrition","og_url":"https:\/\/www.aptafrica.com\/fr\/a-propos\/","og_site_name":"Apta Africa","article_modified_time":"2020-05-06T02:08:58+00:00","twitter_card":"summary_large_image","twitter_misc":{"Dur\u00e9e de lecture estim\u00e9e":"2 minutes"},"schema":{"@context":"https:\/\/schema.org","@graph":[{"@type":"WebPage","@id":"https:\/\/www.aptafrica.com\/en\/about-us\/","url":"https:\/\/www.aptafrica.com\/en\/about-us\/","name":"\u00c0 propos - Apta Africa","isPartOf":{"@id":"https:\/\/www.aptafrica.com\/en\/#website"},"datePublished":"2019-04-11T16:33:14+00:00","dateModified":"2020-05-06T02:08:58+00:00","description":"Danone Nutricia Early Life Nutrition combine la science et l'exp\u00e9rience pour soutenir les parents et les professionnels de la sant\u00e9","breadcrumb":{"@id":"https:\/\/www.aptafrica.com\/en\/about-us\/#breadcrumb"},"inLanguage":"fr-FR","potentialAction":[{"@type":"ReadAction","target":["https:\/\/www.aptafrica.com\/en\/about-us\/"]}]},{"@type":"BreadcrumbList","@id":"https:\/\/www.aptafrica.com\/en\/about-us\/#breadcrumb","itemListElement":[{"@type":"ListItem","position":1,"name":"Home","item":"https:\/\/www.aptafrica.com\/"},{"@type":"ListItem","position":2,"name":"About Us"}]},{"@type":"WebSite","@id":"https:\/\/www.aptafrica.com\/en\/#website","url":"https:\/\/www.aptafrica.com\/en\/","name":"Apta Africa","description":"Apta Africa","publisher":{"@id":"https:\/\/www.aptafrica.com\/en\/#organization"},"potentialAction":[{"@type":"SearchAction","target":{"@type":"EntryPoint","urlTemplate":"https:\/\/www.aptafrica.com\/en\/?s={search_term_string}"},"query-input":{"@type":"PropertyValueSpecification","valueRequired":true,"valueName":"search_term_string"}}],"inLanguage":"fr-FR"},{"@type":"Organization","@id":"https:\/\/www.aptafrica.com\/en\/#organization","name":"Apta Africa","url":"https:\/\/www.aptafrica.com\/en\/","logo":{"@type":"ImageObject","inLanguage":"fr-FR","@id":"https:\/\/www.aptafrica.com\/en\/#\/schema\/logo\/image\/","url":"https:\/\/www.aptafrica.com\/wp-content\/uploads\/2020\/04\/Aptafrica-Logo-FINAL.png","contentUrl":"https:\/\/www.aptafrica.com\/wp-content\/uploads\/2020\/04\/Aptafrica-Logo-FINAL.png","width":881,"height":172,"caption":"Apta Africa"},"image":{"@id":"https:\/\/www.aptafrica.com\/en\/#\/schema\/logo\/image\/"}}]}},"_links":{"self":[{"href":"https:\/\/www.aptafrica.com\/fr\/wp-json\/wp\/v2\/pages\/363","targetHints":{"allow":["GET"]}}],"collection":[{"href":"https:\/\/www.aptafrica.com\/fr\/wp-json\/wp\/v2\/pages"}],"about":[{"href":"https:\/\/www.aptafrica.com\/fr\/wp-json\/wp\/v2\/types\/page"}],"author":[{"embeddable":true,"href":"https:\/\/www.aptafrica.com\/fr\/wp-json\/wp\/v2\/users\/1"}],"replies":[{"embeddable":true,"href":"https:\/\/www.aptafrica.com\/fr\/wp-json\/wp\/v2\/comments?post=363"}],"version-history":[{"count":0,"href":"https:\/\/www.aptafrica.com\/fr\/wp-json\/wp\/v2\/pages\/363\/revisions"}],"wp:attachment":[{"href":"https:\/\/www.aptafrica.com\/fr\/wp-json\/wp\/v2\/media?parent=363"}],"curies":[{"name":"wp","href":"https:\/\/api.w.org\/{rel}","templated":true}]}}