{"id":5769,"date":"2020-07-02T06:49:29","date_gmt":"2020-07-02T05:49:29","guid":{"rendered":"https:\/\/aptafrica.clickify.dev\/?page_id=5769"},"modified":"2021-06-10T04:52:37","modified_gmt":"2021-06-10T03:52:37","slug":"nos-produits-2","status":"publish","type":"page","link":"https:\/\/www.aptafrica.com\/fr\/about-our-products\/","title":{"rendered":"Nos Produits"},"content":{"rendered":"<div data-elementor-type=\"wp-page\" data-elementor-id=\"5769\" class=\"elementor elementor-5769\" data-elementor-post-type=\"page\">\n\t\t\t\t\t\t<section class=\"has_eae_slider elementor-section elementor-top-section elementor-element elementor-element-668ae05e elementor-section-content-middle elementor-section-stretched elementor-section-full_width elementor-section-height-min-height elementor-section-height-default elementor-section-items-middle\" data-eae-slider=\"65991\" data-particle_enable=\"false\" data-particle-mobile-disabled=\"false\" data-id=\"668ae05e\" data-element_type=\"section\" data-e-type=\"section\" data-settings=\"{&quot;background_background&quot;:&quot;classic&quot;,&quot;stretch_section&quot;:&quot;section-stretched&quot;}\">\n\t\t\t\t\t\t\t<div class=\"elementor-background-overlay\"><\/div>\n\t\t\t\t\t\t\t<div class=\"elementor-container elementor-column-gap-no\">\n\t\t\t\t\t<div class=\"has_eae_slider elementor-column elementor-col-100 elementor-top-column elementor-element elementor-element-724c08f3\" data-eae-slider=\"87689\" data-id=\"724c08f3\" data-element_type=\"column\" data-e-type=\"column\" data-settings=\"{&quot;background_background&quot;:&quot;classic&quot;}\">\n\t\t\t<div class=\"elementor-widget-wrap elementor-element-populated\">\n\t\t\t\t\t\t\t<\/div>\n\t\t<\/div>\n\t\t\t\t\t<\/div>\n\t\t<\/section>\n\t\t\t\t<section class=\"has_eae_slider elementor-section elementor-top-section elementor-element elementor-element-bf7d106 elementor-section-stretched arabic-right elementor-section-boxed elementor-section-height-default elementor-section-height-default\" data-eae-slider=\"16105\" data-particle_enable=\"false\" data-particle-mobile-disabled=\"false\" data-id=\"bf7d106\" data-element_type=\"section\" data-e-type=\"section\" data-settings=\"{&quot;stretch_section&quot;:&quot;section-stretched&quot;,&quot;background_background&quot;:&quot;classic&quot;}\">\n\t\t\t\t\t\t<div class=\"elementor-container elementor-column-gap-default\">\n\t\t\t\t\t<div class=\"has_eae_slider elementor-column elementor-col-100 elementor-top-column elementor-element elementor-element-1a5facc\" data-eae-slider=\"17250\" data-id=\"1a5facc\" data-element_type=\"column\" data-e-type=\"column\">\n\t\t\t<div class=\"elementor-widget-wrap elementor-element-populated\">\n\t\t\t\t\t\t<div class=\"elementor-element elementor-element-888a685 elementor-widget elementor-widget-text-editor\" data-id=\"888a685\" data-element_type=\"widget\" data-e-type=\"widget\" data-widget_type=\"text-editor.default\">\n\t\t\t\t<div class=\"elementor-widget-container\">\n\t\t\t\t\t\t\t\t\tAvec plus de 100 ans d\u2019exp\u00e9riences de soins chez les nourrissons et inspir\u00e9e par 40 ans de recherche sur le lait maternel et la nutrition en d\u00e9but de vie, Danone Nutricia Early Life Nutrition combine la science et l'exp\u00e9rience pour soutenir les parents et les professionnels de la sant\u00e9. Nous nous effor\u00e7ons en permanence d'am\u00e9liorer nos produits pour les m\u00e8res, les nourrissons et les jeunes enfants.\n\n\t\t\t\t\t\t\t\t<\/div>\n\t\t\t\t<\/div>\n\t\t\t\t\t<\/div>\n\t\t<\/div>\n\t\t\t\t\t<\/div>\n\t\t<\/section>\n\t\t\t\t<section class=\"has_eae_slider elementor-section elementor-top-section elementor-element elementor-element-2699361 elementor-section-stretched arabic-right elementor-section-boxed elementor-section-height-default elementor-section-height-default\" data-eae-slider=\"10658\" data-particle_enable=\"false\" data-particle-mobile-disabled=\"false\" data-id=\"2699361\" data-element_type=\"section\" data-e-type=\"section\" data-settings=\"{&quot;stretch_section&quot;:&quot;section-stretched&quot;,&quot;background_background&quot;:&quot;classic&quot;}\">\n\t\t\t\t\t\t<div class=\"elementor-container elementor-column-gap-default\">\n\t\t\t\t\t<div class=\"has_eae_slider elementor-column elementor-col-100 elementor-top-column elementor-element elementor-element-4976bd9\" data-eae-slider=\"35593\" data-id=\"4976bd9\" data-element_type=\"column\" data-e-type=\"column\">\n\t\t\t<div class=\"elementor-widget-wrap elementor-element-populated\">\n\t\t\t\t\t\t<div class=\"elementor-element elementor-element-edf0022 elementor-widget elementor-widget-heading\" data-id=\"edf0022\" data-element_type=\"widget\" data-e-type=\"widget\" data-widget_type=\"heading.default\">\n\t\t\t\t<div class=\"elementor-widget-container\">\n\t\t\t\t\t<h2 class=\"elementor-heading-title elementor-size-default\">Avis important<\/h2>\t\t\t\t<\/div>\n\t\t\t\t<\/div>\n\t\t\t\t<div class=\"elementor-element elementor-element-006ff54 elementor-widget elementor-widget-text-editor\" data-id=\"006ff54\" data-element_type=\"widget\" data-e-type=\"widget\" data-widget_type=\"text-editor.default\">\n\t\t\t\t<div class=\"elementor-widget-container\">\n\t\t\t\t\t\t\t\t\t<p>Chez Danone Nutricia Early Life Nutrition, nous soutenons la recommandation mondiale de sant\u00e9 publique de l'Organisation mondiale de la sant\u00e9 (OMS) qui pr\u00e9conise l'allaitement maternel exclusif pendant les six premiers mois et la poursuite de l'allaitement jusqu'\u00e0 deux ans et au-del\u00e0, associ\u00e9 \u00e0 l'introduction en toute s\u00e9curit\u00e9 d'aliments compl\u00e9mentaires appropri\u00e9s.<\/p><p class=\"translation-block\">L'allaitement altern\u00e9 au sein et au biberon au cours des premi\u00e8res semaines de vie peut r\u00e9duire votre quantit\u00e9 de lait maternel disponible. Il est difficile de revenir sur la d\u00e9cision de ne pas allaiter. Les implications sociales et financi\u00e8res de l'utilisation d'un lait infantile doivent \u00eatre prises en compte.<\/p><p class=\"translation-block\">Veuillez <strong>consulter un professionnel de la sant\u00e9 pour faire un choix<\/strong> \u00e9clair\u00e9 sur l'alimentation de votre b\u00e9b\u00e9 en laits et en aliments solides (apr\u00e8s ses six mois).<\/p><p>Notez qu'une utilisation incorrecte du lait pour nourrissons ou des aliments ou m\u00e9thodes d'alimentation inappropri\u00e9s peuvent pr\u00e9senter un risque pour la sant\u00e9. Si vous utilisez un lait pour nourrissons, vous devez suivre attentivement le mode d'emploi du fabricant - le non-respect des instructions peut rendre votre b\u00e9b\u00e9 malade.<\/p><p>Certaines autorit\u00e9s r\u00e9glementaires locales en Afrique exigent des changements sur l'emballage primaire et\/ou secondaire de nos produits.<\/p><p>Par cons\u00e9quent, l'aspect et le toucher de nos produits peuvent varier l\u00e9g\u00e8rement d'un pays \u00e0 l'autre pour \u00eatre conformes aux r\u00e9glementations locales.<\/p><p class=\"translation-block\">Pour vous assurer que vous obtenez le produit conforme \u00e0 votre pays, <strong>veuillez consulter votre professionnel de la sant\u00e9 pour vous aider \u00e0 faire les bons choix pour votre b\u00e9b\u00e9<\/strong>.<\/p>\t\t\t\t\t\t\t\t<\/div>\n\t\t\t\t<\/div>\n\t\t\t\t\t<\/div>\n\t\t<\/div>\n\t\t\t\t\t<\/div>\n\t\t<\/section>\n\t\t\t\t<section class=\"has_eae_slider elementor-section elementor-top-section elementor-element elementor-element-10cde8d elementor-section-stretched arabic-right elementor-section-boxed elementor-section-height-default elementor-section-height-default\" data-eae-slider=\"72334\" data-particle_enable=\"false\" data-particle-mobile-disabled=\"false\" data-id=\"10cde8d\" data-element_type=\"section\" data-e-type=\"section\" data-settings=\"{&quot;stretch_section&quot;:&quot;section-stretched&quot;,&quot;background_background&quot;:&quot;classic&quot;}\">\n\t\t\t\t\t\t<div class=\"elementor-container elementor-column-gap-default\">\n\t\t\t\t\t<div class=\"has_eae_slider elementor-column elementor-col-100 elementor-top-column elementor-element elementor-element-4f6b5b3\" data-eae-slider=\"40592\" data-id=\"4f6b5b3\" data-element_type=\"column\" data-e-type=\"column\">\n\t\t\t<div class=\"elementor-widget-wrap elementor-element-populated\">\n\t\t\t\t\t\t<div class=\"elementor-element elementor-element-6474567 elementor-widget elementor-widget-heading\" data-id=\"6474567\" data-element_type=\"widget\" data-e-type=\"widget\" data-widget_type=\"heading.default\">\n\t\t\t\t<div class=\"elementor-widget-container\">\n\t\t\t\t\t<h2 class=\"elementor-heading-title elementor-size-default\">L'allaitement maternel<\/h2>\t\t\t\t<\/div>\n\t\t\t\t<\/div>\n\t\t\t\t<div class=\"elementor-element elementor-element-b322ad3 elementor-widget elementor-widget-text-editor\" data-id=\"b322ad3\" data-element_type=\"widget\" data-e-type=\"widget\" data-widget_type=\"text-editor.default\">\n\t\t\t\t<div class=\"elementor-widget-container translation-block\">L'allaitement maternel est ce qu\u2019il y a de mieux pour votre b\u00e9b\u00e9. Ce mode d\u2019alimentation naturel donne \u00e0 votre b\u00e9b\u00e9 le meilleur d\u00e9part possible dans la vie. Le lait maternel contient en effet tous les nutriments n\u00e9cessaires et une combinaison d'hormones, d'anticorps et de pr\u00e9biotiques qui aident \u00e0 soutenir le syst\u00e8me immunitaire. Ainsi, l\u2019allaitement maternel permet une croissance et un d\u00e9veloppement sains pour votre b\u00e9b\u00e9. Pour vous pr\u00e9parer \u00e0 l\u2019allaitement, il est important que vous ayez une alimentation saine et \u00e9quilibr\u00e9e.<\/div>\n\t\t\t\t<\/div>\n\t\t\t\t\t<\/div>\n\t\t<\/div>\n\t\t\t\t\t<\/div>\n\t\t<\/section>\n\t\t\t\t<section class=\"has_eae_slider elementor-section elementor-top-section elementor-element elementor-element-90d94f4 elementor-section-stretched arabic-right elementor-section-boxed elementor-section-height-default elementor-section-height-default\" data-eae-slider=\"45041\" data-particle_enable=\"false\" data-particle-mobile-disabled=\"false\" data-id=\"90d94f4\" data-element_type=\"section\" data-e-type=\"section\" data-settings=\"{&quot;stretch_section&quot;:&quot;section-stretched&quot;,&quot;background_background&quot;:&quot;classic&quot;}\">\n\t\t\t\t\t\t<div class=\"elementor-container elementor-column-gap-default\">\n\t\t\t\t\t<div class=\"has_eae_slider elementor-column elementor-col-100 elementor-top-column elementor-element elementor-element-a108242\" data-eae-slider=\"3758\" data-id=\"a108242\" data-element_type=\"column\" data-e-type=\"column\">\n\t\t\t<div class=\"elementor-widget-wrap elementor-element-populated\">\n\t\t\t\t\t\t<div class=\"elementor-element elementor-element-beec951 elementor-widget elementor-widget-heading\" data-id=\"beec951\" data-element_type=\"widget\" data-e-type=\"widget\" data-widget_type=\"heading.default\">\n\t\t\t\t<div class=\"elementor-widget-container\">\n\t\t\t\t\t<h2 class=\"elementor-heading-title elementor-size-default\">Lectures compl\u00e9mentaires<\/h2>\t\t\t\t<\/div>\n\t\t\t\t<\/div>\n\t\t\t\t<div class=\"elementor-element elementor-element-987f67a elementor-position-left elementor-vertical-align-top elementor-widget elementor-widget-image-box\" data-id=\"987f67a\" data-element_type=\"widget\" data-e-type=\"widget\" data-widget_type=\"image-box.default\">\n\t\t\t\t<div class=\"elementor-widget-container\">\n\t\t\t\t\t<div class=\"elementor-image-box-wrapper\"><figure class=\"elementor-image-box-img\"><a href=\"https:\/\/www.aptafrica.com\/fr\/jeune-enfant\/limportance-du-lait-de-croissance\/\" tabindex=\"-1\"><img fetchpriority=\"high\" decoding=\"async\" width=\"2500\" height=\"1667\" src=\"https:\/\/www.aptafrica.com\/wp-content\/uploads\/2021\/01\/father-smiling-at-child-smiling.jpg\" class=\"attachment-full size-full wp-image-7595\" alt=\"Father and baby smiling\" srcset=\"https:\/\/www.aptafrica.com\/wp-content\/uploads\/2021\/01\/father-smiling-at-child-smiling.jpg 2500w, https:\/\/www.aptafrica.com\/wp-content\/uploads\/2021\/01\/father-smiling-at-child-smiling-300x200.jpg 300w, https:\/\/www.aptafrica.com\/wp-content\/uploads\/2021\/01\/father-smiling-at-child-smiling-1024x683.jpg 1024w, https:\/\/www.aptafrica.com\/wp-content\/uploads\/2021\/01\/father-smiling-at-child-smiling-768x512.jpg 768w, https:\/\/www.aptafrica.com\/wp-content\/uploads\/2021\/01\/father-smiling-at-child-smiling-1536x1024.jpg 1536w, https:\/\/www.aptafrica.com\/wp-content\/uploads\/2021\/01\/father-smiling-at-child-smiling-2048x1366.jpg 2048w, https:\/\/www.aptafrica.com\/wp-content\/uploads\/2021\/01\/father-smiling-at-child-smiling-16x12.jpg 16w\" sizes=\"(max-width: 2500px) 100vw, 2500px\" \/><\/a><\/figure><div class=\"elementor-image-box-content\"><h3 class=\"elementor-image-box-title\"><a href=\"https:\/\/www.aptafrica.com\/fr\/jeune-enfant\/limportance-du-lait-de-croissance\/\">L\u2019importance du lait de croissance<\/a><\/h3><p class=\"elementor-image-box-description\">L\u2019allaitement est ce qu\u2019il y a de mieux pour votre b\u00e9b\u00e9 et est vivement conseill\u00e9. Le lait maternel contient en effet les principaux nutriments, anticorps et pr\u00e9biotiques dont votre nourrisson a besoin. L\u2019allaitement est recommand\u00e9 pendant les trois premi\u00e8res ann\u00e9es de la vie d\u2019un enfant, avec un allaitement exclusif les six premiers mois.\n<br>\n<br>\n<a href=\"\/fr\/jeune-enfant\/limportance-du-lait-de-croissance\/\">En savoir plus <i class=\"fas fa-chevron-down\"><\/i><\/a><\/p><\/div><\/div>\t\t\t\t<\/div>\n\t\t\t\t<\/div>\n\t\t\t\t<div class=\"elementor-element elementor-element-dcf657e elementor-position-left elementor-vertical-align-top elementor-widget elementor-widget-image-box\" data-id=\"dcf657e\" data-element_type=\"widget\" data-e-type=\"widget\" data-widget_type=\"image-box.default\">\n\t\t\t\t<div class=\"elementor-widget-container\">\n\t\t\t\t\t<div class=\"elementor-image-box-wrapper\"><figure class=\"elementor-image-box-img\"><a href=\"https:\/\/www.aptafrica.com\/fr\/jeune-enfant\/developpement-du-cerveau\/\" tabindex=\"-1\"><img decoding=\"async\" width=\"2560\" height=\"1865\" src=\"https:\/\/www.aptafrica.com\/wp-content\/uploads\/2020\/04\/Cognitive-Skills-scaled.jpeg\" class=\"attachment-full size-full wp-image-3064\" alt=\"\" srcset=\"https:\/\/www.aptafrica.com\/wp-content\/uploads\/2020\/04\/Cognitive-Skills-scaled.jpeg 2560w, https:\/\/www.aptafrica.com\/wp-content\/uploads\/2020\/04\/Cognitive-Skills-300x219.jpeg 300w, https:\/\/www.aptafrica.com\/wp-content\/uploads\/2020\/04\/Cognitive-Skills-1024x746.jpeg 1024w, https:\/\/www.aptafrica.com\/wp-content\/uploads\/2020\/04\/Cognitive-Skills-768x559.jpeg 768w, https:\/\/www.aptafrica.com\/wp-content\/uploads\/2020\/04\/Cognitive-Skills-1536x1119.jpeg 1536w, https:\/\/www.aptafrica.com\/wp-content\/uploads\/2020\/04\/Cognitive-Skills-2048x1492.jpeg 2048w\" sizes=\"(max-width: 2560px) 100vw, 2560px\" \/><\/a><\/figure><div class=\"elementor-image-box-content\"><h3 class=\"elementor-image-box-title\"><a href=\"https:\/\/www.aptafrica.com\/fr\/jeune-enfant\/developpement-du-cerveau\/\">Cognitive Skills &amp; Brain development<\/a><\/h3><p class=\"elementor-image-box-description\">Le cerveau des enfants se d\u00e9veloppe gr\u00e2ce aux nouvelles exp\u00e9riences qu\u2019ils vivent. S\u2019il est impossible d\u2019observer directement le d\u00e9veloppement de son cerveau, vous pouvez voir les nouvelles choses que peut faire votre enfant.\n<br>\n<br>\n<a href=\"\/fr\/jeune-enfant\/developpement-du-cerveau\/\">En savoir plus <i class=\"fas fa-chevron-down\"><\/i><\/a><\/p><\/div><\/div>\t\t\t\t<\/div>\n\t\t\t\t<\/div>\n\t\t\t\t\t<\/div>\n\t\t<\/div>\n\t\t\t\t\t<\/div>\n\t\t<\/section>\n\t\t\t\t<\/div>","protected":false},"excerpt":{"rendered":"<p>With over 100 years of caring for babies and inspired by 40 years of research into breast milk and early life nutrition, Danone Nutricia Early Life Nutrition combines science and experience to support parents, careers and healthcare professionals. We continually strive to improve our products for mothers, babies and toddlers. Important Notice At Danone Nutricia &#8230; <a title=\"Nos Produits\" class=\"read-more\" href=\"https:\/\/www.aptafrica.com\/fr\/about-our-products\/\" aria-label=\"En savoir plus sur Our Products\">Read more<\/a><\/p>","protected":false},"author":1,"featured_media":0,"parent":0,"menu_order":0,"comment_status":"closed","ping_status":"closed","template":"","meta":{"footnotes":""},"class_list":["post-5769","page","type-page","status-publish"],"yoast_head":"<!-- This site is optimized with the Yoast SEO plugin v27.2 - https:\/\/yoast.com\/product\/yoast-seo-wordpress\/ -->\n<title>Our Products - Apta Africa<\/title>\n<meta name=\"robots\" content=\"index, follow, max-snippet:-1, max-image-preview:large, max-video-preview:-1\" \/>\n<link rel=\"canonical\" href=\"https:\/\/www.aptafrica.com\/fr\/nos-produits-2\/\" \/>\n<meta property=\"og:locale\" content=\"fr_FR\" \/>\n<meta property=\"og:type\" content=\"article\" \/>\n<meta property=\"og:title\" content=\"Our Products - Apta Africa\" \/>\n<meta property=\"og:description\" content=\"With over 100 years of caring for babies and inspired by 40 years of research into breast milk and early life nutrition, Danone Nutricia Early Life Nutrition combines science and experience to support parents, careers and healthcare professionals. We continually strive to improve our products for mothers, babies and toddlers. Important Notice At Danone Nutricia ... Read more\" \/>\n<meta property=\"og:url\" content=\"https:\/\/www.aptafrica.com\/fr\/nos-produits-2\/\" \/>\n<meta property=\"og:site_name\" content=\"Apta Africa\" \/>\n<meta property=\"article:modified_time\" content=\"2021-06-10T03:52:37+00:00\" \/>\n<meta property=\"og:image\" content=\"https:\/\/www.aptafrica.com\/wp-content\/uploads\/2021\/01\/father-smiling-at-child-smiling.jpg\" \/>\n<meta name=\"twitter:card\" content=\"summary_large_image\" \/>\n<meta name=\"twitter:label1\" content=\"Dur\u00e9e de lecture estim\u00e9e\" \/>\n\t<meta name=\"twitter:data1\" content=\"3 minutes\" \/>\n<script type=\"application\/ld+json\" class=\"yoast-schema-graph\">{\"@context\":\"https:\/\/schema.org\",\"@graph\":[{\"@type\":\"WebPage\",\"@id\":\"https:\/\/www.aptafrica.com\/en\/about-our-products\/\",\"url\":\"https:\/\/www.aptafrica.com\/en\/about-our-products\/\",\"name\":\"Our Products - Apta Africa\",\"isPartOf\":{\"@id\":\"https:\/\/www.aptafrica.com\/en\/#website\"},\"primaryImageOfPage\":{\"@id\":\"https:\/\/www.aptafrica.com\/en\/about-our-products\/#primaryimage\"},\"image\":{\"@id\":\"https:\/\/www.aptafrica.com\/en\/about-our-products\/#primaryimage\"},\"thumbnailUrl\":\"https:\/\/www.aptafrica.com\/wp-content\/uploads\/2021\/01\/father-smiling-at-child-smiling.jpg\",\"datePublished\":\"2020-07-02T05:49:29+00:00\",\"dateModified\":\"2021-06-10T03:52:37+00:00\",\"breadcrumb\":{\"@id\":\"https:\/\/www.aptafrica.com\/en\/about-our-products\/#breadcrumb\"},\"inLanguage\":\"fr-FR\",\"potentialAction\":[{\"@type\":\"ReadAction\",\"target\":[\"https:\/\/www.aptafrica.com\/en\/about-our-products\/\"]}]},{\"@type\":\"ImageObject\",\"inLanguage\":\"fr-FR\",\"@id\":\"https:\/\/www.aptafrica.com\/en\/about-our-products\/#primaryimage\",\"url\":\"https:\/\/www.aptafrica.com\/wp-content\/uploads\/2021\/01\/father-smiling-at-child-smiling.jpg\",\"contentUrl\":\"https:\/\/www.aptafrica.com\/wp-content\/uploads\/2021\/01\/father-smiling-at-child-smiling.jpg\"},{\"@type\":\"BreadcrumbList\",\"@id\":\"https:\/\/www.aptafrica.com\/en\/about-our-products\/#breadcrumb\",\"itemListElement\":[{\"@type\":\"ListItem\",\"position\":1,\"name\":\"Home\",\"item\":\"https:\/\/www.aptafrica.com\/\"},{\"@type\":\"ListItem\",\"position\":2,\"name\":\"Our Products\"}]},{\"@type\":\"WebSite\",\"@id\":\"https:\/\/www.aptafrica.com\/en\/#website\",\"url\":\"https:\/\/www.aptafrica.com\/en\/\",\"name\":\"Apta Africa\",\"description\":\"Apta Africa\",\"publisher\":{\"@id\":\"https:\/\/www.aptafrica.com\/en\/#organization\"},\"potentialAction\":[{\"@type\":\"SearchAction\",\"target\":{\"@type\":\"EntryPoint\",\"urlTemplate\":\"https:\/\/www.aptafrica.com\/en\/?s={search_term_string}\"},\"query-input\":{\"@type\":\"PropertyValueSpecification\",\"valueRequired\":true,\"valueName\":\"search_term_string\"}}],\"inLanguage\":\"fr-FR\"},{\"@type\":\"Organization\",\"@id\":\"https:\/\/www.aptafrica.com\/en\/#organization\",\"name\":\"Apta Africa\",\"url\":\"https:\/\/www.aptafrica.com\/en\/\",\"logo\":{\"@type\":\"ImageObject\",\"inLanguage\":\"fr-FR\",\"@id\":\"https:\/\/www.aptafrica.com\/en\/#\/schema\/logo\/image\/\",\"url\":\"https:\/\/www.aptafrica.com\/wp-content\/uploads\/2020\/04\/Aptafrica-Logo-FINAL.png\",\"contentUrl\":\"https:\/\/www.aptafrica.com\/wp-content\/uploads\/2020\/04\/Aptafrica-Logo-FINAL.png\",\"width\":881,\"height\":172,\"caption\":\"Apta Africa\"},\"image\":{\"@id\":\"https:\/\/www.aptafrica.com\/en\/#\/schema\/logo\/image\/\"}}]}<\/script>\n<!-- \/ Yoast SEO plugin. -->","yoast_head_json":{"title":"Nos Produits - Apta Africa","robots":{"index":"index","follow":"follow","max-snippet":"max-snippet:-1","max-image-preview":"max-image-preview:large","max-video-preview":"max-video-preview:-1"},"canonical":"https:\/\/www.aptafrica.com\/fr\/nos-produits-2\/","og_locale":"fr_FR","og_type":"article","og_title":"Our Products - Apta Africa","og_description":"With over 100 years of caring for babies and inspired by 40 years of research into breast milk and early life nutrition, Danone Nutricia Early Life Nutrition combines science and experience to support parents, careers and healthcare professionals. We continually strive to improve our products for mothers, babies and toddlers. Important Notice At Danone Nutricia ... Read more","og_url":"https:\/\/www.aptafrica.com\/fr\/nos-produits-2\/","og_site_name":"Apta Africa","article_modified_time":"2021-06-10T03:52:37+00:00","og_image":[{"url":"https:\/\/www.aptafrica.com\/wp-content\/uploads\/2021\/01\/father-smiling-at-child-smiling.jpg","type":"","width":"","height":""}],"twitter_card":"summary_large_image","twitter_misc":{"Dur\u00e9e de lecture estim\u00e9e":"3 minutes"},"schema":{"@context":"https:\/\/schema.org","@graph":[{"@type":"WebPage","@id":"https:\/\/www.aptafrica.com\/en\/about-our-products\/","url":"https:\/\/www.aptafrica.com\/en\/about-our-products\/","name":"Nos Produits - Apta Africa","isPartOf":{"@id":"https:\/\/www.aptafrica.com\/en\/#website"},"primaryImageOfPage":{"@id":"https:\/\/www.aptafrica.com\/en\/about-our-products\/#primaryimage"},"image":{"@id":"https:\/\/www.aptafrica.com\/en\/about-our-products\/#primaryimage"},"thumbnailUrl":"https:\/\/www.aptafrica.com\/wp-content\/uploads\/2021\/01\/father-smiling-at-child-smiling.jpg","datePublished":"2020-07-02T05:49:29+00:00","dateModified":"2021-06-10T03:52:37+00:00","breadcrumb":{"@id":"https:\/\/www.aptafrica.com\/en\/about-our-products\/#breadcrumb"},"inLanguage":"fr-FR","potentialAction":[{"@type":"ReadAction","target":["https:\/\/www.aptafrica.com\/en\/about-our-products\/"]}]},{"@type":"ImageObject","inLanguage":"fr-FR","@id":"https:\/\/www.aptafrica.com\/en\/about-our-products\/#primaryimage","url":"https:\/\/www.aptafrica.com\/wp-content\/uploads\/2021\/01\/father-smiling-at-child-smiling.jpg","contentUrl":"https:\/\/www.aptafrica.com\/wp-content\/uploads\/2021\/01\/father-smiling-at-child-smiling.jpg"},{"@type":"BreadcrumbList","@id":"https:\/\/www.aptafrica.com\/en\/about-our-products\/#breadcrumb","itemListElement":[{"@type":"ListItem","position":1,"name":"Home","item":"https:\/\/www.aptafrica.com\/"},{"@type":"ListItem","position":2,"name":"Our Products"}]},{"@type":"WebSite","@id":"https:\/\/www.aptafrica.com\/en\/#website","url":"https:\/\/www.aptafrica.com\/en\/","name":"Apta Africa","description":"Apta Africa","publisher":{"@id":"https:\/\/www.aptafrica.com\/en\/#organization"},"potentialAction":[{"@type":"SearchAction","target":{"@type":"EntryPoint","urlTemplate":"https:\/\/www.aptafrica.com\/en\/?s={search_term_string}"},"query-input":{"@type":"PropertyValueSpecification","valueRequired":true,"valueName":"search_term_string"}}],"inLanguage":"fr-FR"},{"@type":"Organization","@id":"https:\/\/www.aptafrica.com\/en\/#organization","name":"Apta Africa","url":"https:\/\/www.aptafrica.com\/en\/","logo":{"@type":"ImageObject","inLanguage":"fr-FR","@id":"https:\/\/www.aptafrica.com\/en\/#\/schema\/logo\/image\/","url":"https:\/\/www.aptafrica.com\/wp-content\/uploads\/2020\/04\/Aptafrica-Logo-FINAL.png","contentUrl":"https:\/\/www.aptafrica.com\/wp-content\/uploads\/2020\/04\/Aptafrica-Logo-FINAL.png","width":881,"height":172,"caption":"Apta Africa"},"image":{"@id":"https:\/\/www.aptafrica.com\/en\/#\/schema\/logo\/image\/"}}]}},"_links":{"self":[{"href":"https:\/\/www.aptafrica.com\/fr\/wp-json\/wp\/v2\/pages\/5769","targetHints":{"allow":["GET"]}}],"collection":[{"href":"https:\/\/www.aptafrica.com\/fr\/wp-json\/wp\/v2\/pages"}],"about":[{"href":"https:\/\/www.aptafrica.com\/fr\/wp-json\/wp\/v2\/types\/page"}],"author":[{"embeddable":true,"href":"https:\/\/www.aptafrica.com\/fr\/wp-json\/wp\/v2\/users\/1"}],"replies":[{"embeddable":true,"href":"https:\/\/www.aptafrica.com\/fr\/wp-json\/wp\/v2\/comments?post=5769"}],"version-history":[{"count":0,"href":"https:\/\/www.aptafrica.com\/fr\/wp-json\/wp\/v2\/pages\/5769\/revisions"}],"wp:attachment":[{"href":"https:\/\/www.aptafrica.com\/fr\/wp-json\/wp\/v2\/media?parent=5769"}],"curies":[{"name":"wp","href":"https:\/\/api.w.org\/{rel}","templated":true}]}}