{"id":668,"date":"2019-04-15T16:16:20","date_gmt":"2019-04-15T15:16:20","guid":{"rendered":"http:\/\/aptaworld-ng.clickify.io\/?page_id=668"},"modified":"2020-09-24T05:08:10","modified_gmt":"2020-09-24T04:08:10","slug":"du-temps-mis-a-profit","status":"publish","type":"page","link":"https:\/\/www.aptafrica.com\/fr\/baby\/time-well-spent\/","title":{"rendered":"Du temps mis \u00e0 profit"},"content":{"rendered":"<div data-elementor-type=\"wp-post\" data-elementor-id=\"668\" class=\"elementor elementor-668\" data-elementor-post-type=\"page\">\n\t\t\t\t\t\t<section class=\"has_eae_slider elementor-section elementor-top-section elementor-element elementor-element-602c802b elementor-section-content-middle elementor-section-stretched elementor-section-full_width elementor-section-height-min-height elementor-section-height-default elementor-section-items-middle\" data-eae-slider=\"34613\" data-particle_enable=\"false\" data-particle-mobile-disabled=\"false\" data-id=\"602c802b\" data-element_type=\"section\" data-e-type=\"section\" data-settings=\"{&quot;background_background&quot;:&quot;classic&quot;,&quot;stretch_section&quot;:&quot;section-stretched&quot;}\">\n\t\t\t\t\t\t\t<div class=\"elementor-background-overlay\"><\/div>\n\t\t\t\t\t\t\t<div class=\"elementor-container elementor-column-gap-no\">\n\t\t\t\t\t<div class=\"has_eae_slider elementor-column elementor-col-100 elementor-top-column elementor-element elementor-element-5b7b100f\" data-eae-slider=\"89762\" data-id=\"5b7b100f\" data-element_type=\"column\" data-e-type=\"column\" data-settings=\"{&quot;background_background&quot;:&quot;classic&quot;}\">\n\t\t\t<div class=\"elementor-widget-wrap elementor-element-populated\">\n\t\t\t\t\t\t\t<\/div>\n\t\t<\/div>\n\t\t\t\t\t<\/div>\n\t\t<\/section>\n\t\t\t\t<section class=\"has_eae_slider elementor-section elementor-top-section elementor-element elementor-element-5fd066a7 elementor-section-stretched elementor-section-boxed elementor-section-height-default elementor-section-height-default\" data-eae-slider=\"8507\" data-particle_enable=\"false\" data-particle-mobile-disabled=\"false\" data-id=\"5fd066a7\" data-element_type=\"section\" data-e-type=\"section\" data-settings=\"{&quot;stretch_section&quot;:&quot;section-stretched&quot;,&quot;background_background&quot;:&quot;classic&quot;}\">\n\t\t\t\t\t\t<div class=\"elementor-container elementor-column-gap-default\">\n\t\t\t\t\t<div class=\"has_eae_slider elementor-column elementor-col-100 elementor-top-column elementor-element elementor-element-6434c56f\" data-eae-slider=\"83411\" data-id=\"6434c56f\" data-element_type=\"column\" data-e-type=\"column\">\n\t\t\t<div class=\"elementor-widget-wrap elementor-element-populated\">\n\t\t\t\t\t\t<div class=\"elementor-element elementor-element-38343170 elementor-widget elementor-widget-text-editor\" data-id=\"38343170\" data-element_type=\"widget\" data-e-type=\"widget\" data-widget_type=\"text-editor.default\">\n\t\t\t\t<div class=\"elementor-widget-container\">\n\t\t\t\t\t\t\t\t\t<h2>Une aide pr\u00e9cieuse pour votre partenaire<\/h2><p>Au moment de la naissance de votre b\u00e9b\u00e9, vous et votre partenaire aurez plein de choses \u00e0 faire et \u00e0 organiser. Quel que soit votre choix pour l\u2019alimentation de votre b\u00e9b\u00e9 et m\u00eame en cas d\u2019allaitement, vous pouvez toujours vous rendre utile.<\/p><h2>Les options \u00e0 votre disposition<\/h2><p class=\"translation-block\">S\u2019agissant du choix du mode d\u2019alimentation de votre enfant, prenez toujours conseil aupr\u00e8s de votre m\u00e9decin. Une fois que votre professionnel de sant\u00e9 vous aura donn\u00e9 toutes les informations pertinentes, discutez de toutes les options en couple et soutenez les souhaits de votre partenaire, m\u00eame s\u2019ils \u00e9voluent apr\u00e8s l\u2019accouchement.<\/p><p>Il existe trois modes d\u2019alimentation possibles pour votre b\u00e9b\u00e9 :<\/p><ul><li>L\u2019allaitement<\/li><li>Biberon<\/li><li>Allaitement mixte<\/li><\/ul><p>L\u2019allaitement est ce qu\u2019il y a de mieux et est vivement recommand\u00e9 \u00e9tant donn\u00e9 que le lait maternel contient les principaux nutriments, anticorps et pr\u00e9biotiques dont votre b\u00e9b\u00e9 a besoin.<\/p><h2>Les avantages de l\u2019allaitement<\/h2><p class=\"translation-block\">Mode naturel d\u2019alimentation, le lait maternel offre \u00e0 votre b\u00e9b\u00e9 le meilleur d\u00e9part dans la vie. Le lait maternel contient une combinaison d\u2019hormones, d\u2019anticorps et de pr\u00e9biotiques qui renforcent le syst\u00e8me immunitaire des nourrissons et favorisent leur croissance et leur d\u00e9veloppement en bonne sant\u00e9. Vous trouverez plus d\u2019informations sur les avantages de l\u2019allaitement ici.<\/p><h2>Comment aider en cas d\u2019allaitement ?<\/h2><p>M\u00eame si ce n\u2019est pas vous qui produisez le lait, vous pouvez apporter votre aide en cas d\u2019allaitement. La maman a en effet la possibilit\u00e9 de tirer son lait et de le stocker dans un biberon st\u00e9rilis\u00e9. Ainsi, le lait sera pr\u00eat \u00e0 \u00eatre donn\u00e9 pendant la nuit ou pendant que la maman s\u2019accorde une pause bien m\u00e9rit\u00e9e.<\/p><p>Toutefois, tirer son lait n\u2019est pas possible pour toutes les femmes et, dans tous les cas, il vaut mieux attendre que votre b\u00e9b\u00e9 ait six \u00e0 huit semaines, car introduire le biberon trop t\u00f4t risque de le d\u00e9boussoler.<\/p><h2>Comment aider en cas d\u2019alimentation au biberon ?<\/h2><p class=\"translation-block\">Si vous pr\u00e9f\u00e9rez ou devez donner le biberon \u00e0 votre b\u00e9b\u00e9, il convient de prendre en compte de nombreux \u00e9l\u00e9ments. Il vous faudra choisir un lait infantile et vous renseigner sur la pr\u00e9paration des biberons et la st\u00e9rilisation du mat\u00e9riel.<\/p><h2>\u00c0 la maternit\u00e9<\/h2><p>Les premiers repas de votre b\u00e9b\u00e9 auront vraisemblablement lieu \u00e0 l\u2019h\u00f4pital. Il est donc judicieux de v\u00e9rifier si votre maternit\u00e9 met \u00e0 disposition tout le mat\u00e9riel requis. Dans le cas contraire, vous et votre partenaire devez penser \u00e0 pr\u00e9parer le n\u00e9cessaire dans la valise destin\u00e9e au s\u00e9jour \u00e0 la maternit\u00e9, dont le lait infantile choisi, afin que vous n\u2019ayez pas \u00e0 changer de lait apr\u00e8s le d\u00e9part de la maternit\u00e9.<\/p><h2>\u00c0 la maison<\/h2><p>Si votre b\u00e9b\u00e9 est nourri au biberon, vous pouvez apporter votre aide de plusieurs fa\u00e7ons :<\/p><ul><li>En st\u00e9rilisant les biberons.<\/li><li>En pr\u00e9parant certains des biberons, y compris le mat\u00e9riel.<\/li><li>En vous r\u00e9partissant les biberons nocturnes avec la maman, soit en divisant la nuit en deux phases (du coucher \u00e0 3 h 00 et de 3 h 00 \u00e0 8 h 00, par exemple), soit en alternant les biberons. Des bouchons d\u2019oreilles peuvent alors \u00eatre utiles \u00e0 celui ou celle qui n\u2019est pas \u00ab de service \u00bb.<\/li><li>En apportant r\u00e9guli\u00e8rement votre aide tout au long de la journ\u00e9e pour que votre partenaire puisse se reposer.<\/li><\/ul><p>Parfois, les b\u00e9b\u00e9s mettent du temps \u00e0 s\u2019habituer au fait que quelqu\u2019un d\u2019autre leur donne \u00e0 manger. Par cons\u00e9quent, ne vous vexez pas. Vous ne tarderez pas \u00e0 r\u00e9aliser que le temps pass\u00e9 \u00e0 nourrir votre b\u00e9b\u00e9 est pr\u00e9cieux et permet de nouer des liens avec lui.<\/p><h2>Allaitement mixte<\/h2><p>Il est possible de combiner biberon et allaitement. Ainsi, le nourrisson b\u00e9n\u00e9ficie de toutes les vertus du lait maternel et cette solution est pratique pour les femmes qui ont des difficult\u00e9s avec l\u2019allaitement exclusif. Sachez toutefois qu\u2019il est g\u00e9n\u00e9ralement recommand\u00e9 d\u2019allaiter au moins six \u00e0 huit semaines avant d\u2019introduire un biberon. Cela r\u00e9duit le risque de voir le b\u00e9b\u00e9 d\u00e9velopper une pr\u00e9f\u00e9rence pour le biberon.<\/p><h2>Passage \u00e0 l\u2019allaitement mixte<\/h2><p>Si vous devez passer \u00e0 l\u2019allaitement mixte, il est pr\u00e9f\u00e9rable de l\u2019introduire progressivement pour \u00e9viter \u00e9coulements et engorgements mammaires. Le fait de remplacer une t\u00e9t\u00e9e par semaine au d\u00e9part permettra \u00e0 la poitrine de votre partenaire de s\u2019adapter. Voici quelques conseils suppl\u00e9mentaires pour faciliter la transition :<\/p><ul><li>Mettez en place un rituel avec votre partenaire afin que tout le monde s\u2019adapte et s\u2019habitue<\/li><li>Testez diff\u00e9rentes t\u00e9tines : votre b\u00e9b\u00e9 s\u2019habituera peut-\u00eatre plus facilement au latex, plus proche du sein<\/li><li>Chauffez le lait avant de le donner \u00e0 votre b\u00e9b\u00e9.<\/li><li>Essayez de donner le biberon lorsque votre partenaire ne se trouve pas dans la pi\u00e8ce car votre b\u00e9b\u00e9 peut sentir le lait maternel si sa maman est \u00e0 c\u00f4t\u00e9.<\/li><li>Tenez votre b\u00e9b\u00e9 appuy\u00e9 contre vous afin qu\u2019il ne vous fasse pas face.<\/li><\/ul><p>Votre partenaire et votre b\u00e9b\u00e9 peuvent mettre un peu de temps \u00e0 s\u2019habituer \u00e0 l\u2019allaitement mixte. Essayez de faire preuve de patience et de ne pas d\u00e9sesp\u00e9rer si l\u2019adoption de ce mode d\u2019alimentation est un peu difficile au d\u00e9part.<\/p>\t\t\t\t\t\t\t\t<\/div>\n\t\t\t\t<\/div>\n\t\t\t\t\t<\/div>\n\t\t<\/div>\n\t\t\t\t\t<\/div>\n\t\t<\/section>\n\t\t\t\t<section class=\"has_eae_slider elementor-section elementor-top-section elementor-element elementor-element-7809e6d4 elementor-section-stretched elementor-section-boxed elementor-section-height-default elementor-section-height-default\" data-eae-slider=\"92456\" data-particle_enable=\"false\" data-particle-mobile-disabled=\"false\" data-id=\"7809e6d4\" data-element_type=\"section\" data-e-type=\"section\" data-settings=\"{&quot;stretch_section&quot;:&quot;section-stretched&quot;,&quot;background_background&quot;:&quot;classic&quot;}\">\n\t\t\t\t\t\t<div class=\"elementor-container elementor-column-gap-default\">\n\t\t\t\t\t<div class=\"has_eae_slider elementor-column elementor-col-100 elementor-top-column elementor-element elementor-element-3918cbdf\" data-eae-slider=\"31840\" data-id=\"3918cbdf\" data-element_type=\"column\" data-e-type=\"column\">\n\t\t\t<div class=\"elementor-widget-wrap elementor-element-populated\">\n\t\t\t\t\t\t<div class=\"elementor-element elementor-element-40c149ac elementor-widget elementor-widget-heading\" data-id=\"40c149ac\" data-element_type=\"widget\" data-e-type=\"widget\" data-widget_type=\"heading.default\">\n\t\t\t\t<div class=\"elementor-widget-container\">\n\t\t\t\t\t<h2 class=\"elementor-heading-title elementor-size-default\">Lectures compl\u00e9mentaires<\/h2>\t\t\t\t<\/div>\n\t\t\t\t<\/div>\n\t\t\t\t<div class=\"elementor-element elementor-element-3faeaa8 elementor-position-left elementor-vertical-align-top elementor-widget elementor-widget-image-box\" data-id=\"3faeaa8\" data-element_type=\"widget\" data-e-type=\"widget\" data-widget_type=\"image-box.default\">\n\t\t\t\t<div class=\"elementor-widget-container\">\n\t\t\t\t\t<div class=\"elementor-image-box-wrapper\"><figure class=\"elementor-image-box-img\"><a href=\"https:\/\/www.aptafrica.com\/fr\/nourrisson\/sante-et-developpement-2\/favoriser-le-developpement-emotionnel-de-votre-bebe\/\" tabindex=\"-1\"><img fetchpriority=\"high\" decoding=\"async\" width=\"5374\" height=\"3583\" src=\"https:\/\/www.aptafrica.com\/wp-content\/uploads\/2019\/04\/Baby_Supporting-your-babys-emotional-development-1.jpeg\" class=\"attachment-full size-full wp-image-402\" alt=\"Little african american baby boy playing in the grass\" srcset=\"https:\/\/www.aptafrica.com\/wp-content\/uploads\/2019\/04\/Baby_Supporting-your-babys-emotional-development-1.jpeg 5374w, https:\/\/www.aptafrica.com\/wp-content\/uploads\/2019\/04\/Baby_Supporting-your-babys-emotional-development-1-300x200.jpeg 300w, https:\/\/www.aptafrica.com\/wp-content\/uploads\/2019\/04\/Baby_Supporting-your-babys-emotional-development-1-768x512.jpeg 768w, https:\/\/www.aptafrica.com\/wp-content\/uploads\/2019\/04\/Baby_Supporting-your-babys-emotional-development-1-1024x683.jpeg 1024w\" sizes=\"(max-width: 5374px) 100vw, 5374px\" \/><\/a><\/figure><div class=\"elementor-image-box-content\"><h3 class=\"elementor-image-box-title\"><a href=\"https:\/\/www.aptafrica.com\/fr\/nourrisson\/sante-et-developpement-2\/favoriser-le-developpement-emotionnel-de-votre-bebe\/\">Favoriser le d\u00e9veloppement \u00e9motionnel de votre b\u00e9b\u00e9<\/a><\/h3><p class=\"elementor-image-box-description\">Entre six et douze mois, il se peut que votre b\u00e9b\u00e9 commence \u00e0 exprimer son inconfort ou \u00e0 manifester des \u00e9motions comme la col\u00e8re ou la peur.\n<br>\n<br>\n<a href=\"https:\/\/www.aptafrica.com\/fr\/nourrisson\/sante-et-developpement-2\/favoriser-le-developpement-emotionnel-de-votre-bebe\/\">En savoir plus <i class=\"fas fa-chevron-down\"><\/i><\/a><\/p><\/div><\/div>\t\t\t\t<\/div>\n\t\t\t\t<\/div>\n\t\t\t\t<div class=\"elementor-element elementor-element-7e112993 elementor-position-left elementor-vertical-align-top elementor-widget elementor-widget-image-box\" data-id=\"7e112993\" data-element_type=\"widget\" data-e-type=\"widget\" data-widget_type=\"image-box.default\">\n\t\t\t\t<div class=\"elementor-widget-container\">\n\t\t\t\t\t<div class=\"elementor-image-box-wrapper\"><figure class=\"elementor-image-box-img\"><a href=\"https:\/\/www.aptafrica.com\/fr\/nourrisson\/creer-des-liens-avec-son-bebe\/apprendre-a-connaitre-son-bebe\/\" tabindex=\"-1\"><img decoding=\"async\" width=\"2000\" height=\"1333\" src=\"https:\/\/www.aptafrica.com\/wp-content\/uploads\/2019\/04\/Getting-to-know-your-baby.jpg\" class=\"attachment-full size-full wp-image-1031\" alt=\"Getting to know your baby\" srcset=\"https:\/\/www.aptafrica.com\/wp-content\/uploads\/2019\/04\/Getting-to-know-your-baby.jpg 2000w, https:\/\/www.aptafrica.com\/wp-content\/uploads\/2019\/04\/Getting-to-know-your-baby-300x200.jpg 300w, https:\/\/www.aptafrica.com\/wp-content\/uploads\/2019\/04\/Getting-to-know-your-baby-768x512.jpg 768w, https:\/\/www.aptafrica.com\/wp-content\/uploads\/2019\/04\/Getting-to-know-your-baby-1024x682.jpg 1024w\" sizes=\"(max-width: 2000px) 100vw, 2000px\" \/><\/a><\/figure><div class=\"elementor-image-box-content\"><h3 class=\"elementor-image-box-title\"><a href=\"https:\/\/www.aptafrica.com\/fr\/nourrisson\/creer-des-liens-avec-son-bebe\/apprendre-a-connaitre-son-bebe\/\">Apprendre \u00e0 conna\u00eetre son b\u00e9b\u00e9<\/a><\/h3><p class=\"elementor-image-box-description\">Apr\u00e8s l\u2019intensit\u00e9 de l\u2019accouchement, rencontrer votre nouveau-n\u00e9 pour la premi\u00e8re fois est une\nexp\u00e9rience incroyable. Vous serez \u00e0 la fois soulag\u00e9e, fi\u00e8re, \u00e9bahie et percluse de douleurs. Gr\u00e2ce \u00e0 la s\u00e9cr\u00e9tion d\u2019ocytocine, l\u2019\u00ab\u00a0hormone de l\u2019amour\u00a0\u00bb, vous serez \u00e9galement combl\u00e9e d\u2019amour. Cet article explique \u00e0 quoi vous attendre dans les premi\u00e8res heures apr\u00e8s la naissance de votre b\u00e9b\u00e9.\n<br>\n<br>\n<a href=\"https:\/\/www.aptafrica.com\/fr\/nourrisson\/creer-des-liens-avec-son-bebe\/apprendre-a-connaitre-son-bebe\/\">En savoir plus <i class=\"fas fa-chevron-down\"><\/i><\/a><\/p><\/div><\/div>\t\t\t\t<\/div>\n\t\t\t\t<\/div>\n\t\t\t\t\t<\/div>\n\t\t<\/div>\n\t\t\t\t\t<\/div>\n\t\t<\/section>\n\t\t\t\t<\/div>","protected":false},"excerpt":{"rendered":"<p>Helping your partner By the time your baby has arrived, you and your partner will have many things to do and organize. When it comes to feeding your baby, there are always ways you can help \u2013 yes, even with breastfeeding. The options When it comes to making feeding decisions, always consult your general paediatrician &#8230; <a title=\"Du temps mis \u00e0 profit\" class=\"read-more\" href=\"https:\/\/www.aptafrica.com\/fr\/baby\/time-well-spent\/\" aria-label=\"En savoir plus sur Time Well Spent\">Read more<\/a><\/p>","protected":false},"author":1,"featured_media":0,"parent":183,"menu_order":0,"comment_status":"closed","ping_status":"closed","template":"","meta":{"footnotes":""},"class_list":["post-668","page","type-page","status-publish"],"yoast_head":"<!-- This site is optimized with the Yoast SEO plugin v27.4 - https:\/\/yoast.com\/product\/yoast-seo-wordpress\/ -->\n<title>Time Well Spent - Apta Africa<\/title>\n<meta name=\"description\" content=\"By the time your baby has arrived, you will have many things to do and organize. When it comes to feeding your baby, there are always ways you can help.\" \/>\n<meta name=\"robots\" content=\"index, follow, max-snippet:-1, max-image-preview:large, max-video-preview:-1\" \/>\n<link rel=\"canonical\" href=\"https:\/\/www.aptafrica.com\/fr\/nourrisson\/du-temps-mis-a-profit\/\" \/>\n<meta property=\"og:locale\" content=\"fr_FR\" \/>\n<meta property=\"og:type\" content=\"article\" \/>\n<meta property=\"og:title\" content=\"Time Well Spent - Apta Africa\" \/>\n<meta property=\"og:description\" content=\"By the time your baby has arrived, you will have many things to do and organize. When it comes to feeding your baby, there are always ways you can help.\" \/>\n<meta property=\"og:url\" content=\"https:\/\/www.aptafrica.com\/fr\/nourrisson\/du-temps-mis-a-profit\/\" \/>\n<meta property=\"og:site_name\" content=\"Apta Africa\" \/>\n<meta property=\"article:modified_time\" content=\"2020-09-24T04:08:10+00:00\" \/>\n<meta property=\"og:image\" content=\"https:\/\/www.aptafrica.com\/wp-content\/uploads\/2019\/04\/Baby_Supporting-your-babys-emotional-development-1.jpeg\" \/>\n<meta name=\"twitter:card\" content=\"summary_large_image\" \/>\n<meta name=\"twitter:label1\" content=\"Dur\u00e9e de lecture estim\u00e9e\" \/>\n\t<meta name=\"twitter:data1\" content=\"5 minutes\" \/>\n<script type=\"application\/ld+json\" class=\"yoast-schema-graph\">{\"@context\":\"https:\\\/\\\/schema.org\",\"@graph\":[{\"@type\":\"WebPage\",\"@id\":\"https:\\\/\\\/www.aptafrica.com\\\/baby\\\/time-well-spent\\\/\",\"url\":\"https:\\\/\\\/www.aptafrica.com\\\/baby\\\/time-well-spent\\\/\",\"name\":\"Time Well Spent - Apta Africa\",\"isPartOf\":{\"@id\":\"https:\\\/\\\/www.aptafrica.com\\\/en\\\/#website\"},\"primaryImageOfPage\":{\"@id\":\"https:\\\/\\\/www.aptafrica.com\\\/baby\\\/time-well-spent\\\/#primaryimage\"},\"image\":{\"@id\":\"https:\\\/\\\/www.aptafrica.com\\\/baby\\\/time-well-spent\\\/#primaryimage\"},\"thumbnailUrl\":\"https:\\\/\\\/www.aptafrica.com\\\/wp-content\\\/uploads\\\/2019\\\/04\\\/Baby_Supporting-your-babys-emotional-development-1.jpeg\",\"datePublished\":\"2019-04-15T15:16:20+00:00\",\"dateModified\":\"2020-09-24T04:08:10+00:00\",\"description\":\"By the time your baby has arrived, you will have many things to do and organize. When it comes to feeding your baby, there are always ways you can help.\",\"breadcrumb\":{\"@id\":\"https:\\\/\\\/www.aptafrica.com\\\/baby\\\/time-well-spent\\\/#breadcrumb\"},\"inLanguage\":\"fr-FR\",\"potentialAction\":[{\"@type\":\"ReadAction\",\"target\":[\"https:\\\/\\\/www.aptafrica.com\\\/baby\\\/time-well-spent\\\/\"]}]},{\"@type\":\"ImageObject\",\"inLanguage\":\"fr-FR\",\"@id\":\"https:\\\/\\\/www.aptafrica.com\\\/baby\\\/time-well-spent\\\/#primaryimage\",\"url\":\"https:\\\/\\\/www.aptafrica.com\\\/wp-content\\\/uploads\\\/2019\\\/04\\\/Baby_Supporting-your-babys-emotional-development-1.jpeg\",\"contentUrl\":\"https:\\\/\\\/www.aptafrica.com\\\/wp-content\\\/uploads\\\/2019\\\/04\\\/Baby_Supporting-your-babys-emotional-development-1.jpeg\"},{\"@type\":\"BreadcrumbList\",\"@id\":\"https:\\\/\\\/www.aptafrica.com\\\/baby\\\/time-well-spent\\\/#breadcrumb\",\"itemListElement\":[{\"@type\":\"ListItem\",\"position\":1,\"name\":\"Home\",\"item\":\"https:\\\/\\\/www.aptafrica.com\\\/\"},{\"@type\":\"ListItem\",\"position\":2,\"name\":\"Baby\",\"item\":\"https:\\\/\\\/www.aptafrica.com\\\/baby\\\/\"},{\"@type\":\"ListItem\",\"position\":3,\"name\":\"Time Well Spent\"}]},{\"@type\":\"WebSite\",\"@id\":\"https:\\\/\\\/www.aptafrica.com\\\/en\\\/#website\",\"url\":\"https:\\\/\\\/www.aptafrica.com\\\/en\\\/\",\"name\":\"Apta Africa\",\"description\":\"Apta Africa\",\"publisher\":{\"@id\":\"https:\\\/\\\/www.aptafrica.com\\\/en\\\/#organization\"},\"potentialAction\":[{\"@type\":\"SearchAction\",\"target\":{\"@type\":\"EntryPoint\",\"urlTemplate\":\"https:\\\/\\\/www.aptafrica.com\\\/en\\\/?s={search_term_string}\"},\"query-input\":{\"@type\":\"PropertyValueSpecification\",\"valueRequired\":true,\"valueName\":\"search_term_string\"}}],\"inLanguage\":\"fr-FR\"},{\"@type\":\"Organization\",\"@id\":\"https:\\\/\\\/www.aptafrica.com\\\/en\\\/#organization\",\"name\":\"Apta Africa\",\"url\":\"https:\\\/\\\/www.aptafrica.com\\\/en\\\/\",\"logo\":{\"@type\":\"ImageObject\",\"inLanguage\":\"fr-FR\",\"@id\":\"https:\\\/\\\/www.aptafrica.com\\\/en\\\/#\\\/schema\\\/logo\\\/image\\\/\",\"url\":\"https:\\\/\\\/www.aptafrica.com\\\/wp-content\\\/uploads\\\/2020\\\/04\\\/Aptafrica-Logo-FINAL.png\",\"contentUrl\":\"https:\\\/\\\/www.aptafrica.com\\\/wp-content\\\/uploads\\\/2020\\\/04\\\/Aptafrica-Logo-FINAL.png\",\"width\":881,\"height\":172,\"caption\":\"Apta Africa\"},\"image\":{\"@id\":\"https:\\\/\\\/www.aptafrica.com\\\/en\\\/#\\\/schema\\\/logo\\\/image\\\/\"}}]}<\/script>\n<!-- \/ Yoast SEO plugin. -->","yoast_head_json":{"title":"Du temps mis \u00e0 profit - Apta Africa","description":"\u00c0 la naissance de votre b\u00e9b\u00e9, vous et votre partenaire aurez plein de choses \u00e0 organiser. Decouvrez les diff\u00e9rentes options pour mettre votre temps \u00e0 proffit.","robots":{"index":"index","follow":"follow","max-snippet":"max-snippet:-1","max-image-preview":"max-image-preview:large","max-video-preview":"max-video-preview:-1"},"canonical":"https:\/\/www.aptafrica.com\/fr\/nourrisson\/du-temps-mis-a-profit\/","og_locale":"fr_FR","og_type":"article","og_title":"Time Well Spent - Apta Africa","og_description":"By the time your baby has arrived, you will have many things to do and organize. When it comes to feeding your baby, there are always ways you can help.","og_url":"https:\/\/www.aptafrica.com\/fr\/nourrisson\/du-temps-mis-a-profit\/","og_site_name":"Apta Africa","article_modified_time":"2020-09-24T04:08:10+00:00","og_image":[{"url":"https:\/\/www.aptafrica.com\/wp-content\/uploads\/2019\/04\/Baby_Supporting-your-babys-emotional-development-1.jpeg","type":"","width":"","height":""}],"twitter_card":"summary_large_image","twitter_misc":{"Dur\u00e9e de lecture estim\u00e9e":"5 minutes"},"schema":{"@context":"https:\/\/schema.org","@graph":[{"@type":"WebPage","@id":"https:\/\/www.aptafrica.com\/baby\/time-well-spent\/","url":"https:\/\/www.aptafrica.com\/baby\/time-well-spent\/","name":"Du temps mis \u00e0 profit - Apta Africa","isPartOf":{"@id":"https:\/\/www.aptafrica.com\/en\/#website"},"primaryImageOfPage":{"@id":"https:\/\/www.aptafrica.com\/baby\/time-well-spent\/#primaryimage"},"image":{"@id":"https:\/\/www.aptafrica.com\/baby\/time-well-spent\/#primaryimage"},"thumbnailUrl":"https:\/\/www.aptafrica.com\/wp-content\/uploads\/2019\/04\/Baby_Supporting-your-babys-emotional-development-1.jpeg","datePublished":"2019-04-15T15:16:20+00:00","dateModified":"2020-09-24T04:08:10+00:00","description":"\u00c0 la naissance de votre b\u00e9b\u00e9, vous et votre partenaire aurez plein de choses \u00e0 organiser. Decouvrez les diff\u00e9rentes options pour mettre votre temps \u00e0 proffit.","breadcrumb":{"@id":"https:\/\/www.aptafrica.com\/baby\/time-well-spent\/#breadcrumb"},"inLanguage":"fr-FR","potentialAction":[{"@type":"ReadAction","target":["https:\/\/www.aptafrica.com\/baby\/time-well-spent\/"]}]},{"@type":"ImageObject","inLanguage":"fr-FR","@id":"https:\/\/www.aptafrica.com\/baby\/time-well-spent\/#primaryimage","url":"https:\/\/www.aptafrica.com\/wp-content\/uploads\/2019\/04\/Baby_Supporting-your-babys-emotional-development-1.jpeg","contentUrl":"https:\/\/www.aptafrica.com\/wp-content\/uploads\/2019\/04\/Baby_Supporting-your-babys-emotional-development-1.jpeg"},{"@type":"BreadcrumbList","@id":"https:\/\/www.aptafrica.com\/baby\/time-well-spent\/#breadcrumb","itemListElement":[{"@type":"ListItem","position":1,"name":"Home","item":"https:\/\/www.aptafrica.com\/"},{"@type":"ListItem","position":2,"name":"Baby","item":"https:\/\/www.aptafrica.com\/baby\/"},{"@type":"ListItem","position":3,"name":"Time Well Spent"}]},{"@type":"WebSite","@id":"https:\/\/www.aptafrica.com\/en\/#website","url":"https:\/\/www.aptafrica.com\/en\/","name":"Apta Africa","description":"Apta Africa","publisher":{"@id":"https:\/\/www.aptafrica.com\/en\/#organization"},"potentialAction":[{"@type":"SearchAction","target":{"@type":"EntryPoint","urlTemplate":"https:\/\/www.aptafrica.com\/en\/?s={search_term_string}"},"query-input":{"@type":"PropertyValueSpecification","valueRequired":true,"valueName":"search_term_string"}}],"inLanguage":"fr-FR"},{"@type":"Organization","@id":"https:\/\/www.aptafrica.com\/en\/#organization","name":"Apta Africa","url":"https:\/\/www.aptafrica.com\/en\/","logo":{"@type":"ImageObject","inLanguage":"fr-FR","@id":"https:\/\/www.aptafrica.com\/en\/#\/schema\/logo\/image\/","url":"https:\/\/www.aptafrica.com\/wp-content\/uploads\/2020\/04\/Aptafrica-Logo-FINAL.png","contentUrl":"https:\/\/www.aptafrica.com\/wp-content\/uploads\/2020\/04\/Aptafrica-Logo-FINAL.png","width":881,"height":172,"caption":"Apta Africa"},"image":{"@id":"https:\/\/www.aptafrica.com\/en\/#\/schema\/logo\/image\/"}}]}},"_links":{"self":[{"href":"https:\/\/www.aptafrica.com\/fr\/wp-json\/wp\/v2\/pages\/668","targetHints":{"allow":["GET"]}}],"collection":[{"href":"https:\/\/www.aptafrica.com\/fr\/wp-json\/wp\/v2\/pages"}],"about":[{"href":"https:\/\/www.aptafrica.com\/fr\/wp-json\/wp\/v2\/types\/page"}],"author":[{"embeddable":true,"href":"https:\/\/www.aptafrica.com\/fr\/wp-json\/wp\/v2\/users\/1"}],"replies":[{"embeddable":true,"href":"https:\/\/www.aptafrica.com\/fr\/wp-json\/wp\/v2\/comments?post=668"}],"version-history":[{"count":0,"href":"https:\/\/www.aptafrica.com\/fr\/wp-json\/wp\/v2\/pages\/668\/revisions"}],"up":[{"embeddable":true,"href":"https:\/\/www.aptafrica.com\/fr\/wp-json\/wp\/v2\/pages\/183"}],"wp:attachment":[{"href":"https:\/\/www.aptafrica.com\/fr\/wp-json\/wp\/v2\/media?parent=668"}],"curies":[{"name":"wp","href":"https:\/\/api.w.org\/{rel}","templated":true}]}}