{"id":8982,"date":"2021-09-03T04:49:05","date_gmt":"2021-09-03T03:49:05","guid":{"rendered":"https:\/\/www.aptafrica.com\/?page_id=8982"},"modified":"2021-09-17T03:46:54","modified_gmt":"2021-09-17T02:46:54","slug":"comment-les-jeunes-mamans-peuvent-dormir-davantage","status":"publish","type":"page","link":"https:\/\/www.aptafrica.com\/fr\/baby\/how-new-moms-can-get-more-sleep\/","title":{"rendered":"Comment les jeunes mamans peuvent dormir davantage"},"content":{"rendered":"<div data-elementor-type=\"wp-page\" data-elementor-id=\"8982\" class=\"elementor elementor-8982\" data-elementor-post-type=\"page\">\n\t\t\t\t\t\t<section class=\"has_eae_slider elementor-section elementor-top-section elementor-element elementor-element-6f73679c elementor-section-content-middle elementor-section-stretched elementor-section-full_width elementor-section-height-min-height elementor-section-height-default elementor-section-items-middle\" data-eae-slider=\"4074\" data-particle_enable=\"false\" data-particle-mobile-disabled=\"false\" data-id=\"6f73679c\" data-element_type=\"section\" data-e-type=\"section\" data-settings=\"{&quot;background_background&quot;:&quot;classic&quot;,&quot;stretch_section&quot;:&quot;section-stretched&quot;}\">\n\t\t\t\t\t\t\t<div class=\"elementor-background-overlay\"><\/div>\n\t\t\t\t\t\t\t<div class=\"elementor-container elementor-column-gap-no\">\n\t\t\t\t\t<div class=\"has_eae_slider elementor-column elementor-col-100 elementor-top-column elementor-element elementor-element-7f5d7cc4\" data-eae-slider=\"28735\" data-id=\"7f5d7cc4\" data-element_type=\"column\" data-e-type=\"column\" data-settings=\"{&quot;background_background&quot;:&quot;classic&quot;}\">\n\t\t\t<div class=\"elementor-widget-wrap elementor-element-populated\">\n\t\t\t\t\t\t\t<\/div>\n\t\t<\/div>\n\t\t\t\t\t<\/div>\n\t\t<\/section>\n\t\t\t\t<section class=\"has_eae_slider elementor-section elementor-top-section elementor-element elementor-element-b518ebd elementor-section-boxed elementor-section-height-default elementor-section-height-default\" data-eae-slider=\"69885\" data-particle_enable=\"false\" data-particle-mobile-disabled=\"false\" data-id=\"b518ebd\" data-element_type=\"section\" data-e-type=\"section\" data-settings=\"{&quot;background_background&quot;:&quot;classic&quot;}\">\n\t\t\t\t\t\t<div class=\"elementor-container elementor-column-gap-default\">\n\t\t\t\t\t<div class=\"has_eae_slider elementor-column elementor-col-100 elementor-top-column elementor-element elementor-element-f1ad3b3\" data-eae-slider=\"73931\" data-id=\"f1ad3b3\" data-element_type=\"column\" data-e-type=\"column\">\n\t\t\t<div class=\"elementor-widget-wrap elementor-element-populated\">\n\t\t\t\t\t\t<div class=\"elementor-element elementor-element-90b4d9a elementor-view-default elementor-widget elementor-widget-icon\" data-id=\"90b4d9a\" data-element_type=\"widget\" data-e-type=\"widget\" data-widget_type=\"icon.default\">\n\t\t\t\t<div class=\"elementor-widget-container\">\n\t\t\t\t\t\t\t<div class=\"elementor-icon-wrapper\">\n\t\t\t<div class=\"elementor-icon\">\n\t\t\t<svg xmlns=\"http:\/\/www.w3.org\/2000\/svg\" id=\"Capa_1\" height=\"512\" viewbox=\"0 0 512 512\" width=\"512\"><g><g><path d=\"m446.173 415.451h-25.728l-24.382-37.91c8.271-16.727 12.62-35.223 12.62-54.04v-27.974c50.215-20.182 85.764-69.377 85.764-126.725 0-28.069-8.457-55.038-24.457-77.989-14.168-20.322-33.32-36.217-55.687-46.353-6.108-25.468-29.056-44.46-56.369-44.46s-50.262 18.992-56.37 44.459c-22.367 10.136-41.519 26.031-55.687 46.353-16 22.951-24.457 49.92-24.457 77.989 0 32.325 11.301 62.056 30.15 85.467h-98.052c-52.709 0-95.591 42.882-95.591 95.591v66.249c-22.872 3.783-40.374 23.69-40.374 47.617v48.275h209.748v-66.549h59.433c11.957 0 23.661-1.712 34.942-5.087l46.069 71.636h126.702v-48.274c0-26.619-21.656-48.275-48.274-48.275zm-116.217-357.473c0-15.427 12.551-27.978 27.978-27.978s27.978 12.551 27.978 27.978v41.364h-27.978c-15.427 0-27.978-12.551-27.978-27.978zm-59.469 49.991c8.099-11.617 18.283-21.374 29.999-28.879 3.791 28.327 28.099 50.252 57.448 50.252h57.978v-49.91c11.493 7.459 21.493 17.095 29.469 28.536 12.474 17.894 19.067 38.929 19.067 60.833 0 58.731-47.782 106.514-106.514 106.514s-106.514-47.782-106.514-106.513c0-21.905 6.594-42.94 19.067-60.833zm-116.969 176.3h43.783v53.183c-5.641-2.316-11.809-3.603-18.274-3.603-26.618 0-48.274 21.656-48.274 48.274v33.328h-42.826v-65.592c0-36.167 29.424-65.59 65.591-65.59zm43.783 197.731h-149.748v-18.274c0-10.076 8.198-18.274 18.274-18.274h94.925v-63.328c0-10.076 8.198-18.274 18.274-18.274s18.274 8.198 18.274 18.274v99.876zm89.432-66.549h-59.433v-33.328-97.854h26.069c8.26 0 16.34-1.957 23.617-5.613 22.665 16.745 50.668 26.66 80.947 26.66 7.053 0 13.982-.538 20.75-1.574v19.76c0 8.218-1.098 16.353-3.229 24.192-6.437-6.35-14.541-10.775-23.592-12.741-12.6-2.737-25.512-.402-36.358 6.573-22.388 14.398-28.888 44.327-14.489 66.714l3.529 5.488c-5.823 1.14-11.772 1.723-17.811 1.723zm177.714 66.549h-80.327l-57.873-89.988c-2.641-4.104-3.524-8.993-2.488-13.763s3.868-8.851 7.974-11.492c4.105-2.64 8.989-3.524 13.764-2.487 4.77 1.035 8.851 3.867 11.491 7.974l47.083 73.208h42.103c10.076 0 18.274 8.198 18.274 18.274v18.274z\"><\/path><\/g><g><path d=\"m357.934 245.315c29.091 0 52.758-23.667 52.758-52.758h-30c0 12.549-10.209 22.758-22.758 22.758s-22.758-10.209-22.758-22.758h-30c0 29.091 23.667 52.758 52.758 52.758z\"><\/path><\/g><\/g><\/svg>\t\t\t<\/div>\n\t\t<\/div>\n\t\t\t\t\t\t<\/div>\n\t\t\t\t<\/div>\n\t\t\t\t<div class=\"elementor-element elementor-element-c0c29d4 arabic-right elementor-widget elementor-widget-text-editor\" data-id=\"c0c29d4\" data-element_type=\"widget\" data-e-type=\"widget\" data-widget_type=\"text-editor.default\">\n\t\t\t\t<div class=\"elementor-widget-container\">\n\t\t\t\t\t\t\t\t\t<p>Le manque de sommeil repr\u00e9sente l\u2019un des aspects les plus difficiles de la vie de jeune parent. M\u00eame si vous aimez votre enfant, vous avez le droit de r\u00eaver d\u2019une bonne nuit compl\u00e8te et d\u2019admettre que cette p\u00e9riode est \u00e9puisante, car c\u2019est vraiment le cas. En moyenne, un nouveau parent perd environ 110 minutes (soit pr\u00e8s de deux heures) de sommeil chaque nuit pendant la premi\u00e8re ann\u00e9e suivant la naissance de son enfant.<\/p><p>Bien que cette p\u00e9riode finisse par passer et qu\u2019\u00e0 terme, les r\u00e9veils nocturnes soient moins nombreux, nous savons \u00e0 quel point le sommeil fragment\u00e9 peut \u00eatre probl\u00e9matique.<\/p><p>Bien qu\u2019il n\u2019existe malheureusement pas de solution miracle pour vous aider \u00e0 surmonter le manque de sommeil, certaines astuces pourront vous permettre d\u2019all\u00e9ger votre charge et de vous reposer davantage. Prendre soin de vous n\u2019est peut-\u00eatre pas votre priorit\u00e9 en tant que parent d\u2019un nouveau-n\u00e9, mais cela reste essentiel pour votre sant\u00e9 physique et mentale.<\/p><p>Les petites choses, comme prendre une douche, manger un repas sain, vous promener ou encore faire une sieste, sont importantes. Vous avez besoin de recharger vos batteries pour pouvoir fonctionner de mani\u00e8re optimale. Beaucoup de nouveaux parents, en particulier les mamans, culpabilisent de vouloir penser un peu \u00e0 eux, mais on dit qu\u2019un arrosoir vide ne peut nourrir aucune fleur... Il est donc essentiel de remplir votre arrosoir d\u00e8s que possible en prenant soin de vous, en vous reposant et en acceptant de l\u2019aide.<\/p><p>Voici quelques conseils qui vous aideront \u00e0 vous sentir plus repos\u00e9 :<\/p>\t\t\t\t\t\t\t\t<\/div>\n\t\t\t\t<\/div>\n\t\t\t\t\t<\/div>\n\t\t<\/div>\n\t\t\t\t\t<\/div>\n\t\t<\/section>\n\t\t\t\t<section class=\"has_eae_slider elementor-section elementor-top-section elementor-element elementor-element-4d650d9 elementor-section-stretched arabic-right elementor-section-boxed elementor-section-height-default elementor-section-height-default\" data-eae-slider=\"62912\" data-particle_enable=\"false\" data-particle-mobile-disabled=\"false\" data-id=\"4d650d9\" data-element_type=\"section\" data-e-type=\"section\" data-settings=\"{&quot;stretch_section&quot;:&quot;section-stretched&quot;}\">\n\t\t\t\t\t\t<div class=\"elementor-container elementor-column-gap-default\">\n\t\t\t\t\t<div class=\"has_eae_slider elementor-column elementor-col-50 elementor-top-column elementor-element elementor-element-e6657a8\" data-eae-slider=\"72380\" data-id=\"e6657a8\" data-element_type=\"column\" data-e-type=\"column\">\n\t\t\t<div class=\"elementor-widget-wrap elementor-element-populated\">\n\t\t\t\t\t\t<div class=\"elementor-element elementor-element-9036ac7 elementor-widget elementor-widget-heading\" data-id=\"9036ac7\" data-element_type=\"widget\" data-e-type=\"widget\" data-widget_type=\"heading.default\">\n\t\t\t\t<div class=\"elementor-widget-container\">\n\t\t\t\t\t<h2 class=\"elementor-heading-title elementor-size-default\">Dormez en m\u00eame temps que votre b\u00e9b\u00e9. <\/h2>\t\t\t\t<\/div>\n\t\t\t\t<\/div>\n\t\t\t\t<div class=\"elementor-element elementor-element-02c12ae elementor-widget elementor-widget-text-editor\" data-id=\"02c12ae\" data-element_type=\"widget\" data-e-type=\"widget\" data-widget_type=\"text-editor.default\">\n\t\t\t\t<div class=\"elementor-widget-container\">\n\t\t\t\t\t\t\t\t\t<p>Ce n\u2019est pas toujours pratique, surtout si une montagne de t\u00e2ches m\u00e9nag\u00e8res vous attend. Cependant, il peut \u00eatre pr\u00e9f\u00e9rable pour votre sant\u00e9 et votre bien-\u00eatre de laisser de c\u00f4t\u00e9 le linge sale et la vaisselle afin d\u2019essayer de dormir un peu plus pendant la journ\u00e9e.<\/p>\t\t\t\t\t\t\t\t<\/div>\n\t\t\t\t<\/div>\n\t\t\t\t<div class=\"elementor-element elementor-element-6beab93 elementor-widget elementor-widget-heading\" data-id=\"6beab93\" data-element_type=\"widget\" data-e-type=\"widget\" data-widget_type=\"heading.default\">\n\t\t\t\t<div class=\"elementor-widget-container\">\n\t\t\t\t\t<h2 class=\"elementor-heading-title elementor-size-default\">Acceptez l\u2019aide qui vous est propos\u00e9e. <\/h2>\t\t\t\t<\/div>\n\t\t\t\t<\/div>\n\t\t\t\t<div class=\"elementor-element elementor-element-be858f7 elementor-widget elementor-widget-text-editor\" data-id=\"be858f7\" data-element_type=\"widget\" data-e-type=\"widget\" data-widget_type=\"text-editor.default\">\n\t\t\t\t<div class=\"elementor-widget-container\">\n\t\t\t\t\t\t\t\t\t<p>Si des amis ou des proches vous proposent de vous d\u00e9poser \u00e0 manger, de faire votre lessive ou de s\u2019occuper de votre b\u00e9b\u00e9 quelques heures, dites oui ! Accepter de l\u2019aide ne fait de vous ni une personne \u00ab faible \u00bb, ni une mauvaise m\u00e8re, et encore moins une incapable.<\/p>\t\t\t\t\t\t\t\t<\/div>\n\t\t\t\t<\/div>\n\t\t\t\t<div class=\"elementor-element elementor-element-aadb29d elementor-widget elementor-widget-heading\" data-id=\"aadb29d\" data-element_type=\"widget\" data-e-type=\"widget\" data-widget_type=\"heading.default\">\n\t\t\t\t<div class=\"elementor-widget-container\">\n\t\t\t\t\t<h2 class=\"elementor-heading-title elementor-size-default\">Faites \u00e9quipe. <\/h2>\t\t\t\t<\/div>\n\t\t\t\t<\/div>\n\t\t\t\t<div class=\"elementor-element elementor-element-304dc0e elementor-widget elementor-widget-text-editor\" data-id=\"304dc0e\" data-element_type=\"widget\" data-e-type=\"widget\" data-widget_type=\"text-editor.default\">\n\t\t\t\t<div class=\"elementor-widget-container\">\n\t\t\t\t\t\t\t\t\t<p>La nuit, relayez-vous avec votre partenaire. Alternez les biberons nocturnes, ou divisez le cr\u00e9neau 19 h \u2013 7 h en deux afin de profiter de quelques heures de sommeil r\u00e9parateur.<\/p>\t\t\t\t\t\t\t\t<\/div>\n\t\t\t\t<\/div>\n\t\t\t\t\t<\/div>\n\t\t<\/div>\n\t\t\t\t<div class=\"has_eae_slider elementor-column elementor-col-50 elementor-top-column elementor-element elementor-element-4da3e35\" data-eae-slider=\"98381\" data-id=\"4da3e35\" data-element_type=\"column\" data-e-type=\"column\">\n\t\t\t<div class=\"elementor-widget-wrap elementor-element-populated\">\n\t\t\t\t\t\t<div class=\"elementor-element elementor-element-b759729 elementor-widget elementor-widget-heading\" data-id=\"b759729\" data-element_type=\"widget\" data-e-type=\"widget\" data-widget_type=\"heading.default\">\n\t\t\t\t<div class=\"elementor-widget-container\">\n\t\t\t\t\t<h2 class=\"elementor-heading-title elementor-size-default\">Am\u00e9liorez la qualit\u00e9 de votre sommeil. <\/h2>\t\t\t\t<\/div>\n\t\t\t\t<\/div>\n\t\t\t\t<div class=\"elementor-element elementor-element-c4aca6a elementor-widget elementor-widget-text-editor\" data-id=\"c4aca6a\" data-element_type=\"widget\" data-e-type=\"widget\" data-widget_type=\"text-editor.default\">\n\t\t\t\t<div class=\"elementor-widget-container\">\n\t\t\t\t\t\t\t\t\t<p>M\u00eame si la fatigue vous assaille, vous pouvez avoir du mal \u00e0 vous endormir lorsque vous posez la t\u00eate sur l\u2019oreiller. Si vous n\u2019arrivez pas \u00e0 trouver le sommeil, \u00e9vitez la caf\u00e9ine dans les six heures pr\u00e9c\u00e9dant le coucher, d\u00eenez l\u00e9ger et essayez de ne pas regarder votre t\u00e9l\u00e9phone portable ni la t\u00e9l\u00e9vision pendant la demi-heure qui pr\u00e9c\u00e8de votre coucher. Des rideaux occultants peuvent aider \u00e0 dormir dans l\u2019obscurit\u00e9 compl\u00e8te ; n\u2019oubliez pas d\u2019\u00e9loigner votre r\u00e9veil s\u2019il est tr\u00e8s lumineux.<\/p><p>Un bain chaud peut vous d\u00e9tendre et vous aider \u00e0 passer en \u00ab mode nuit \u00bb avant de vous coucher, tandis qu\u2019un verre de lait chaud peut vous aider \u00e0 trouver le sommeil.<\/p>\t\t\t\t\t\t\t\t<\/div>\n\t\t\t\t<\/div>\n\t\t\t\t<div class=\"elementor-element elementor-element-b0f350b elementor-widget elementor-widget-heading\" data-id=\"b0f350b\" data-element_type=\"widget\" data-e-type=\"widget\" data-widget_type=\"heading.default\">\n\t\t\t\t<div class=\"elementor-widget-container\">\n\t\t\t\t\t<h2 class=\"elementor-heading-title elementor-size-default\">Gare au surmenage ! <\/h2>\t\t\t\t<\/div>\n\t\t\t\t<\/div>\n\t\t\t\t<div class=\"elementor-element elementor-element-d84f022 elementor-widget elementor-widget-text-editor\" data-id=\"d84f022\" data-element_type=\"widget\" data-e-type=\"widget\" data-widget_type=\"text-editor.default\">\n\t\t\t\t<div class=\"elementor-widget-container\">\n\t\t\t\t\t\t\t\t\t<p>Il n\u2019y a pas de mal \u00e0 refuser de participer \u00e0 l\u2019\u00e9v\u00e9nement caritatif du quartier ou \u00e0 ne pas inviter la famille pour le d\u00e9jeuner dominical traditionnel. Vous avez beaucoup \u00e0 faire en tant que nouveau parent, alors si un engagement vous prive de votre temps et vous cause encore plus de stress, n\u2019h\u00e9sitez pas \u00e0 dire non.<\/p><p>Essayez de vous en tenir \u00e0 ce qui vous convient et n\u2019alourdissez pas votre charge de travail si vous n\u2019en avez pas envie.<\/p>\t\t\t\t\t\t\t\t<\/div>\n\t\t\t\t<\/div>\n\t\t\t\t\t<\/div>\n\t\t<\/div>\n\t\t\t\t\t<\/div>\n\t\t<\/section>\n\t\t\t\t<section class=\"has_eae_slider elementor-section elementor-top-section elementor-element elementor-element-f16f653 elementor-section-boxed elementor-section-height-default elementor-section-height-default\" data-eae-slider=\"55003\" data-particle_enable=\"false\" data-particle-mobile-disabled=\"false\" data-id=\"f16f653\" data-element_type=\"section\" data-e-type=\"section\">\n\t\t\t\t\t\t<div class=\"elementor-container elementor-column-gap-default\">\n\t\t\t\t\t<div class=\"has_eae_slider elementor-column elementor-col-100 elementor-top-column elementor-element elementor-element-0470379\" data-eae-slider=\"31839\" data-id=\"0470379\" data-element_type=\"column\" data-e-type=\"column\">\n\t\t\t<div class=\"elementor-widget-wrap elementor-element-populated\">\n\t\t\t\t\t\t<div class=\"elementor-element elementor-element-40b9fce elementor-widget elementor-widget-heading\" data-id=\"40b9fce\" data-element_type=\"widget\" data-e-type=\"widget\" data-widget_type=\"heading.default\">\n\t\t\t\t<div class=\"elementor-widget-container\">\n\t\t\t\t\t<h2 class=\"elementor-heading-title elementor-size-default\">Demandez l\u2019aide d\u2019un professionnel. <\/h2>\t\t\t\t<\/div>\n\t\t\t\t<\/div>\n\t\t\t\t<div class=\"elementor-element elementor-element-23ceac2 elementor-widget elementor-widget-text-editor\" data-id=\"23ceac2\" data-element_type=\"widget\" data-e-type=\"widget\" data-widget_type=\"text-editor.default\">\n\t\t\t\t<div class=\"elementor-widget-container\">\n\t\t\t\t\t\t\t\t\t<p>Si vous \u00e9prouvez des difficult\u00e9s \u00e0 vous endormir, ou si vous vous sentez triste, d\u00e9pass\u00e9e ou angoiss\u00e9e, parlez-en \u00e0 un professionnel de sant\u00e9, car vous pourriez souffrir de d\u00e9pression post-partum. La d\u00e9pression post-partum touche beaucoup de jeunes mamans, mais peut \u00eatre bien trait\u00e9e et prise en charge.<\/p>\t\t\t\t\t\t\t\t<\/div>\n\t\t\t\t<\/div>\n\t\t\t\t<div class=\"elementor-element elementor-element-ae8a612 elementor-widget elementor-widget-text-editor\" data-id=\"ae8a612\" data-element_type=\"widget\" data-e-type=\"widget\" data-widget_type=\"text-editor.default\">\n\t\t\t\t<div class=\"elementor-widget-container\">\n\t\t\t\t\t\t\t\t\t<p>BA21-363<\/p>\t\t\t\t\t\t\t\t<\/div>\n\t\t\t\t<\/div>\n\t\t\t\t\t<\/div>\n\t\t<\/div>\n\t\t\t\t\t<\/div>\n\t\t<\/section>\n\t\t\t\t<\/div>","protected":false},"excerpt":{"rendered":"<p>One of the toughest parts of the early days of parenting is the loss of sleep. While you love your little one, it\u2019s okay to yearn for uninterrupted sleep and admit that it\u2019s an exhausting thing you\u2019re doing, because it really is. On average, a new parent loses around 110 minutes (almost two hours) of &#8230; <a title=\"Comment les jeunes mamans peuvent dormir davantage\" class=\"read-more\" href=\"https:\/\/www.aptafrica.com\/fr\/baby\/how-new-moms-can-get-more-sleep\/\" aria-label=\"En savoir plus sur How new moms can get more sleep\">Read more<\/a><\/p>","protected":false},"author":1,"featured_media":0,"parent":183,"menu_order":0,"comment_status":"closed","ping_status":"closed","template":"","meta":{"footnotes":""},"class_list":["post-8982","page","type-page","status-publish"],"yoast_head":"<!-- This site is optimized with the Yoast SEO plugin v27.2 - https:\/\/yoast.com\/product\/yoast-seo-wordpress\/ -->\n<title>How new moms can get more sleep - Apta Africa<\/title>\n<meta name=\"robots\" content=\"index, follow, max-snippet:-1, max-image-preview:large, max-video-preview:-1\" \/>\n<link rel=\"canonical\" href=\"https:\/\/www.aptafrica.com\/fr\/nourrisson\/comment-les-jeunes-mamans-peuvent-dormir-davantage\/\" \/>\n<meta property=\"og:locale\" content=\"fr_FR\" \/>\n<meta property=\"og:type\" content=\"article\" \/>\n<meta property=\"og:title\" content=\"How new moms can get more sleep - Apta Africa\" \/>\n<meta property=\"og:description\" content=\"One of the toughest parts of the early days of parenting is the loss of sleep. While you love your little one, it\u2019s okay to yearn for uninterrupted sleep and admit that it\u2019s an exhausting thing you\u2019re doing, because it really is. On average, a new parent loses around 110 minutes (almost two hours) of ... Read more\" \/>\n<meta property=\"og:url\" content=\"https:\/\/www.aptafrica.com\/fr\/nourrisson\/comment-les-jeunes-mamans-peuvent-dormir-davantage\/\" \/>\n<meta property=\"og:site_name\" content=\"Apta Africa\" \/>\n<meta property=\"article:modified_time\" content=\"2021-09-17T02:46:54+00:00\" \/>\n<meta name=\"twitter:card\" content=\"summary_large_image\" \/>\n<meta name=\"twitter:label1\" content=\"Dur\u00e9e de lecture estim\u00e9e\" \/>\n\t<meta name=\"twitter:data1\" content=\"3 minutes\" \/>\n<script type=\"application\/ld+json\" class=\"yoast-schema-graph\">{\"@context\":\"https:\/\/schema.org\",\"@graph\":[{\"@type\":\"WebPage\",\"@id\":\"https:\/\/www.aptafrica.com\/baby\/how-new-moms-can-get-more-sleep\/\",\"url\":\"https:\/\/www.aptafrica.com\/baby\/how-new-moms-can-get-more-sleep\/\",\"name\":\"How new moms can get more sleep - Apta Africa\",\"isPartOf\":{\"@id\":\"https:\/\/www.aptafrica.com\/en\/#website\"},\"datePublished\":\"2021-09-03T03:49:05+00:00\",\"dateModified\":\"2021-09-17T02:46:54+00:00\",\"breadcrumb\":{\"@id\":\"https:\/\/www.aptafrica.com\/baby\/how-new-moms-can-get-more-sleep\/#breadcrumb\"},\"inLanguage\":\"fr-FR\",\"potentialAction\":[{\"@type\":\"ReadAction\",\"target\":[\"https:\/\/www.aptafrica.com\/baby\/how-new-moms-can-get-more-sleep\/\"]}]},{\"@type\":\"BreadcrumbList\",\"@id\":\"https:\/\/www.aptafrica.com\/baby\/how-new-moms-can-get-more-sleep\/#breadcrumb\",\"itemListElement\":[{\"@type\":\"ListItem\",\"position\":1,\"name\":\"Home\",\"item\":\"https:\/\/www.aptafrica.com\/\"},{\"@type\":\"ListItem\",\"position\":2,\"name\":\"Baby\",\"item\":\"https:\/\/www.aptafrica.com\/baby\/\"},{\"@type\":\"ListItem\",\"position\":3,\"name\":\"How new moms can get more sleep\"}]},{\"@type\":\"WebSite\",\"@id\":\"https:\/\/www.aptafrica.com\/en\/#website\",\"url\":\"https:\/\/www.aptafrica.com\/en\/\",\"name\":\"Apta Africa\",\"description\":\"Apta Africa\",\"publisher\":{\"@id\":\"https:\/\/www.aptafrica.com\/en\/#organization\"},\"potentialAction\":[{\"@type\":\"SearchAction\",\"target\":{\"@type\":\"EntryPoint\",\"urlTemplate\":\"https:\/\/www.aptafrica.com\/en\/?s={search_term_string}\"},\"query-input\":{\"@type\":\"PropertyValueSpecification\",\"valueRequired\":true,\"valueName\":\"search_term_string\"}}],\"inLanguage\":\"fr-FR\"},{\"@type\":\"Organization\",\"@id\":\"https:\/\/www.aptafrica.com\/en\/#organization\",\"name\":\"Apta Africa\",\"url\":\"https:\/\/www.aptafrica.com\/en\/\",\"logo\":{\"@type\":\"ImageObject\",\"inLanguage\":\"fr-FR\",\"@id\":\"https:\/\/www.aptafrica.com\/en\/#\/schema\/logo\/image\/\",\"url\":\"https:\/\/www.aptafrica.com\/wp-content\/uploads\/2020\/04\/Aptafrica-Logo-FINAL.png\",\"contentUrl\":\"https:\/\/www.aptafrica.com\/wp-content\/uploads\/2020\/04\/Aptafrica-Logo-FINAL.png\",\"width\":881,\"height\":172,\"caption\":\"Apta Africa\"},\"image\":{\"@id\":\"https:\/\/www.aptafrica.com\/en\/#\/schema\/logo\/image\/\"}}]}<\/script>\n<!-- \/ Yoast SEO plugin. -->","yoast_head_json":{"title":"Comment les jeunes mamans peuvent dormir davantage  - Apta Africa","robots":{"index":"index","follow":"follow","max-snippet":"max-snippet:-1","max-image-preview":"max-image-preview:large","max-video-preview":"max-video-preview:-1"},"canonical":"https:\/\/www.aptafrica.com\/fr\/nourrisson\/comment-les-jeunes-mamans-peuvent-dormir-davantage\/","og_locale":"fr_FR","og_type":"article","og_title":"How new moms can get more sleep - Apta Africa","og_description":"One of the toughest parts of the early days of parenting is the loss of sleep. While you love your little one, it\u2019s okay to yearn for uninterrupted sleep and admit that it\u2019s an exhausting thing you\u2019re doing, because it really is. On average, a new parent loses around 110 minutes (almost two hours) of ... Read more","og_url":"https:\/\/www.aptafrica.com\/fr\/nourrisson\/comment-les-jeunes-mamans-peuvent-dormir-davantage\/","og_site_name":"Apta Africa","article_modified_time":"2021-09-17T02:46:54+00:00","twitter_card":"summary_large_image","twitter_misc":{"Dur\u00e9e de lecture estim\u00e9e":"3 minutes"},"schema":{"@context":"https:\/\/schema.org","@graph":[{"@type":"WebPage","@id":"https:\/\/www.aptafrica.com\/baby\/how-new-moms-can-get-more-sleep\/","url":"https:\/\/www.aptafrica.com\/baby\/how-new-moms-can-get-more-sleep\/","name":"Comment les jeunes mamans peuvent dormir davantage  - Apta Africa","isPartOf":{"@id":"https:\/\/www.aptafrica.com\/en\/#website"},"datePublished":"2021-09-03T03:49:05+00:00","dateModified":"2021-09-17T02:46:54+00:00","breadcrumb":{"@id":"https:\/\/www.aptafrica.com\/baby\/how-new-moms-can-get-more-sleep\/#breadcrumb"},"inLanguage":"fr-FR","potentialAction":[{"@type":"ReadAction","target":["https:\/\/www.aptafrica.com\/baby\/how-new-moms-can-get-more-sleep\/"]}]},{"@type":"BreadcrumbList","@id":"https:\/\/www.aptafrica.com\/baby\/how-new-moms-can-get-more-sleep\/#breadcrumb","itemListElement":[{"@type":"ListItem","position":1,"name":"Home","item":"https:\/\/www.aptafrica.com\/"},{"@type":"ListItem","position":2,"name":"Baby","item":"https:\/\/www.aptafrica.com\/baby\/"},{"@type":"ListItem","position":3,"name":"How new moms can get more sleep"}]},{"@type":"WebSite","@id":"https:\/\/www.aptafrica.com\/en\/#website","url":"https:\/\/www.aptafrica.com\/en\/","name":"Apta Africa","description":"Apta Africa","publisher":{"@id":"https:\/\/www.aptafrica.com\/en\/#organization"},"potentialAction":[{"@type":"SearchAction","target":{"@type":"EntryPoint","urlTemplate":"https:\/\/www.aptafrica.com\/en\/?s={search_term_string}"},"query-input":{"@type":"PropertyValueSpecification","valueRequired":true,"valueName":"search_term_string"}}],"inLanguage":"fr-FR"},{"@type":"Organization","@id":"https:\/\/www.aptafrica.com\/en\/#organization","name":"Apta Africa","url":"https:\/\/www.aptafrica.com\/en\/","logo":{"@type":"ImageObject","inLanguage":"fr-FR","@id":"https:\/\/www.aptafrica.com\/en\/#\/schema\/logo\/image\/","url":"https:\/\/www.aptafrica.com\/wp-content\/uploads\/2020\/04\/Aptafrica-Logo-FINAL.png","contentUrl":"https:\/\/www.aptafrica.com\/wp-content\/uploads\/2020\/04\/Aptafrica-Logo-FINAL.png","width":881,"height":172,"caption":"Apta Africa"},"image":{"@id":"https:\/\/www.aptafrica.com\/en\/#\/schema\/logo\/image\/"}}]}},"_links":{"self":[{"href":"https:\/\/www.aptafrica.com\/fr\/wp-json\/wp\/v2\/pages\/8982","targetHints":{"allow":["GET"]}}],"collection":[{"href":"https:\/\/www.aptafrica.com\/fr\/wp-json\/wp\/v2\/pages"}],"about":[{"href":"https:\/\/www.aptafrica.com\/fr\/wp-json\/wp\/v2\/types\/page"}],"author":[{"embeddable":true,"href":"https:\/\/www.aptafrica.com\/fr\/wp-json\/wp\/v2\/users\/1"}],"replies":[{"embeddable":true,"href":"https:\/\/www.aptafrica.com\/fr\/wp-json\/wp\/v2\/comments?post=8982"}],"version-history":[{"count":0,"href":"https:\/\/www.aptafrica.com\/fr\/wp-json\/wp\/v2\/pages\/8982\/revisions"}],"up":[{"embeddable":true,"href":"https:\/\/www.aptafrica.com\/fr\/wp-json\/wp\/v2\/pages\/183"}],"wp:attachment":[{"href":"https:\/\/www.aptafrica.com\/fr\/wp-json\/wp\/v2\/media?parent=8982"}],"curies":[{"name":"wp","href":"https:\/\/api.w.org\/{rel}","templated":true}]}}